{"id":2007,"date":"2023-09-07T20:08:19","date_gmt":"2023-09-07T20:08:19","guid":{"rendered":"https:\/\/effectivedata.pl\/?page_id=2007"},"modified":"2025-03-23T17:53:07","modified_gmt":"2025-03-23T17:53:07","slug":"wysylka-mms-sms","status":"publish","type":"page","link":"https:\/\/effectivedata.pl\/?page_id=2007","title":{"rendered":"Wysy\u0142ka MMS \/SMS"},"content":{"rendered":"\t\t<div data-elementor-type=\"wp-page\" data-elementor-id=\"2007\" class=\"elementor elementor-2007\">\n\t\t\t\t\t\t<section class=\"elementor-section elementor-inner-section elementor-element elementor-element-8ed031e elementor-section-boxed elementor-section-height-default elementor-section-height-default\" data-id=\"8ed031e\" data-element_type=\"section\">\n\t\t\t\t\t\t<div class=\"elementor-container elementor-column-gap-default\">\n\t\t\t\t\t<div class=\"elementor-column elementor-col-100 elementor-inner-column elementor-element elementor-element-e44940e\" data-id=\"e44940e\" data-element_type=\"column\">\n\t\t\t<div class=\"elementor-widget-wrap elementor-element-populated\">\n\t\t\t\t\t\t<div class=\"elementor-element elementor-element-6eb3429 elementor-view-framed elementor-shape-circle elementor-position-top elementor-mobile-position-top elementor-widget elementor-widget-icon-box\" data-id=\"6eb3429\" data-element_type=\"widget\" data-widget_type=\"icon-box.default\">\n\t\t\t\t<div class=\"elementor-widget-container\">\n\t\t\t\t\t\t\t<div class=\"elementor-icon-box-wrapper\">\n\n\t\t\t\t\t\t<div class=\"elementor-icon-box-icon\">\n\t\t\t\t<span  class=\"elementor-icon\">\n\t\t\t\t<i aria-hidden=\"true\" class=\"far fa-envelope\"><\/i>\t\t\t\t<\/span>\n\t\t\t<\/div>\n\t\t\t\n\t\t\t\t\t\t<div class=\"elementor-icon-box-content\">\n\n\t\t\t\t\t\t\t\t\t<h3 class=\"elementor-icon-box-title\">\n\t\t\t\t\t\t<span  >\n\t\t\t\t\t\t\t<h2 class=\"elementor-heading-title elementor-size-default elementor-inline-editing pen\" data-elementor-setting-key=\"title\" data-pen-placeholder=\"Pisz tutaj...\" style=\"font-style: normal; margin-bottom: 0px;\">Wysy\u0142ka MMS \/SMS <\/h2>\t\t\t\t\t\t<\/span>\n\t\t\t\t\t<\/h3>\n\t\t\t\t\n\t\t\t\t\n\t\t\t<\/div>\n\t\t\t\n\t\t<\/div>\n\t\t\t\t\t\t<\/div>\n\t\t\t\t<\/div>\n\t\t\t\t<div class=\"elementor-element elementor-element-b44135b elementor-widget elementor-widget-text-editor\" data-id=\"b44135b\" data-element_type=\"widget\" data-widget_type=\"text-editor.default\">\n\t\t\t\t<div class=\"elementor-widget-container\">\n\t\t\t\t\t\t\t\t\t<h5><strong><span style=\"font-family: Roboto Slab, sans-serif;\">Skuteczne kampanie SMS \/ MMS<\/span><\/strong><\/h5><h5><span style=\"font-family: Roboto Slab, sans-serif;\"><span style=\"font-weight: 400;\">Kampanie SMS \/ MMS to doskona\u0142e rozwi\u0105zanie do zdobywania nowych klient\u00f3w i utrzymywania z nimi dobrych relacji. <br \/>Poinformuj konsument\u00f3w o rabatach, ofertach specjalnych, przypomnij im o spotkaniu lub podzi\u0119kuj za zakup. Wykorzystaj w pe\u0142ni potencja\u0142 wiadomo\u015bci SMS i MMS! K<\/span><\/span><span style=\"color: #242a56; font-family: 'Roboto Slab', sans-serif; font-style: inherit; background-color: var(--ast-global-color-4); font-weight: normal;\">ampanie SMS to jedna z najszybszych i odznaczaj\u0105cych si\u0119 wysok\u0105 skuteczno\u015bci\u0105 form\u0105 marketingu bezpo\u015bredniego. Dzi\u0119ki nim mo\u017cesz \u0142atwo pozyska\u0107 nowych klient\u00f3w lub wypromowa\u0107 swoj\u0105 mark\u0119!<\/span><\/h5>\t\t\t\t\t\t\t\t<\/div>\n\t\t\t\t<\/div>\n\t\t\t\t\t<\/div>\n\t\t<\/div>\n\t\t\t\t\t<\/div>\n\t\t<\/section>\n\t\t\t\t<section class=\"elementor-section elementor-inner-section elementor-element elementor-element-a6bcbd2 elementor-section-boxed elementor-section-height-default elementor-section-height-default\" data-id=\"a6bcbd2\" data-element_type=\"section\">\n\t\t\t\t\t\t<div class=\"elementor-container elementor-column-gap-default\">\n\t\t\t\t\t<div class=\"elementor-column elementor-col-100 elementor-inner-column elementor-element elementor-element-9554af3\" data-id=\"9554af3\" data-element_type=\"column\">\n\t\t\t<div class=\"elementor-widget-wrap elementor-element-populated\">\n\t\t\t\t\t\t<div class=\"elementor-element elementor-element-b40aa70 elementor-widget elementor-widget-text-editor\" data-id=\"b40aa70\" data-element_type=\"widget\" data-widget_type=\"text-editor.default\">\n\t\t\t\t<div class=\"elementor-widget-container\">\n\t\t\t\t\t\t\t\t\t<h5><strong><span style=\"font-family: Roboto Slab, sans-serif;\">Funkcje i rodzaje sms&nbsp; \/ mms specyfikacja<\/span><\/strong><\/h5>\n<h5><span style=\"font-family: Roboto Slab, sans-serif;\"><span style=\"font-weight: 400;\">&nbsp;<b>Wiadomo\u015b\u0107 Pro<\/b> (standardowa wysy\u0142ka) \u2013 wiadomo\u015b\u0107 PRO mo\u017ce by\u0107 nadana z wybranego i zaakceptowanego przez Us\u0142ugodawc\u0119 pola nadawcy (maksymalnie 11 znak\u00f3w, bez polskich). Wymagane jest o\u015bwiadczenie Klienta, \u017ce ma prawo do u\u017cycia nazwy nadawcy. Czas akceptacji nadawcy 24 h. <b>Na tak\u0105 wiadomo\u015b\u0107 odbiorca nie mo\u017ce odpowiedzie\u0107.<\/b><\/span><\/span><\/h5>\n<h5><span style=\"font-family: Roboto Slab, sans-serif;\"><span style=\"font-weight: 400;\"><br><b>Wiadomo\u015b\u0107 PRO (2-Way)<\/b> \u2013 to wiadomo\u015b\u0107 wysy\u0142ana z 9-cio cyfrowego (<b>nie mo\u017cna zdefiniowa\u0107 nadawcy<\/b>), losowego numeru GSM (ze sta\u0142ej puli), na kt\u00f3r\u0105 <b>odbiorca mo\u017ce odpowiedzie\u0107. <br>Plik z odpowiedziami na wys\u0142ane wiadomo\u015bci jeste\u015bmy wstanie wygenerowa\u0107 w dowolnym czasie w csv.<\/b><\/span><\/span><\/h5>\t\t\t\t\t\t\t\t<\/div>\n\t\t\t\t<\/div>\n\t\t\t\t\t<\/div>\n\t\t<\/div>\n\t\t\t\t\t<\/div>\n\t\t<\/section>\n\t\t\t\t<section class=\"elementor-section elementor-top-section elementor-element elementor-element-b925368 elementor-section-boxed elementor-section-height-default elementor-section-height-default\" data-id=\"b925368\" data-element_type=\"section\">\n\t\t\t\t\t\t<div class=\"elementor-container elementor-column-gap-default\">\n\t\t\t\t\t<div class=\"elementor-column elementor-col-100 elementor-top-column elementor-element elementor-element-db231aa\" data-id=\"db231aa\" data-element_type=\"column\">\n\t\t\t<div class=\"elementor-widget-wrap\">\n\t\t\t\t\t\t\t<\/div>\n\t\t<\/div>\n\t\t\t\t\t<\/div>\n\t\t<\/section>\n\t\t\t\t<\/div>\n\t\t","protected":false},"excerpt":{"rendered":"<p>Wysy\u0142ka MMS \/SMS Skuteczne kampanie SMS \/ MMS Kampanie SMS \/ MMS to doskona\u0142e rozwi\u0105zanie do zdobywania nowych klient\u00f3w i utrzymywania z nimi dobrych relacji. Poinformuj konsument\u00f3w o rabatach, ofertach specjalnych, przypomnij im o spotkaniu lub podzi\u0119kuj za zakup. Wykorzystaj w pe\u0142ni potencja\u0142 wiadomo\u015bci SMS i MMS! Kampanie SMS to jedna z najszybszych i odznaczaj\u0105cych [&hellip;]<\/p>\n","protected":false},"author":1,"featured_media":0,"parent":0,"menu_order":0,"comment_status":"closed","ping_status":"closed","template":"","meta":{"site-sidebar-layout":"no-sidebar","site-content-layout":"page-builder","ast-site-content-layout":"full-width-container","site-content-style":"default","site-sidebar-style":"default","ast-global-header-display":"","ast-banner-title-visibility":"","ast-main-header-display":"","ast-hfb-above-header-display":"","ast-hfb-below-header-display":"","ast-hfb-mobile-header-display":"","site-post-title":"disabled","ast-breadcrumbs-content":"","ast-featured-img":"disabled","footer-sml-layout":"","theme-transparent-header-meta":"","adv-header-id-meta":"","stick-header-meta":"","header-above-stick-meta":"","header-main-stick-meta":"","header-below-stick-meta":"","astra-migrate-meta-layouts":"set","ast-page-background-enabled":"default","ast-page-background-meta":{"desktop":{"background-color":"","background-image":"","background-repeat":"repeat","background-position":"center center","background-size":"auto","background-attachment":"scroll","background-type":"","background-media":"","overlay-type":"","overlay-color":"","overlay-opacity":"","overlay-gradient":""},"tablet":{"background-color":"","background-image":"","background-repeat":"repeat","background-position":"center center","background-size":"auto","background-attachment":"scroll","background-type":"","background-media":"","overlay-type":"","overlay-color":"","overlay-opacity":"","overlay-gradient":""},"mobile":{"background-color":"","background-image":"","background-repeat":"repeat","background-position":"center center","background-size":"auto","background-attachment":"scroll","background-type":"","background-media":"","overlay-type":"","overlay-color":"","overlay-opacity":"","overlay-gradient":""}},"ast-content-background-meta":{"desktop":{"background-color":"var(--ast-global-color-5)","background-image":"","background-repeat":"repeat","background-position":"center center","background-size":"auto","background-attachment":"scroll","background-type":"","background-media":"","overlay-type":"","overlay-color":"","overlay-opacity":"","overlay-gradient":""},"tablet":{"background-color":"var(--ast-global-color-5)","background-image":"","background-repeat":"repeat","background-position":"center center","background-size":"auto","background-attachment":"scroll","background-type":"","background-media":"","overlay-type":"","overlay-color":"","overlay-opacity":"","overlay-gradient":""},"mobile":{"background-color":"var(--ast-global-color-5)","background-image":"","background-repeat":"repeat","background-position":"center center","background-size":"auto","background-attachment":"scroll","background-type":"","background-media":"","overlay-type":"","overlay-color":"","overlay-opacity":"","overlay-gradient":""}},"footnotes":""},"class_list":["post-2007","page","type-page","status-publish","hentry"],"yoast_head":"<!-- This site is optimized with the Yoast SEO plugin v25.0 - https:\/\/yoast.com\/wordpress\/plugins\/seo\/ -->\n<title>Wysy\u0142ka MMS \/SMS - Effective Team<\/title>\n<meta name=\"robots\" content=\"index, follow, max-snippet:-1, max-image-preview:large, max-video-preview:-1\" \/>\n<link rel=\"canonical\" href=\"https:\/\/effectivedata.pl\/?page_id=2007\" \/>\n<meta property=\"og:locale\" content=\"pl_PL\" \/>\n<meta property=\"og:type\" content=\"article\" \/>\n<meta property=\"og:title\" content=\"Wysy\u0142ka MMS \/SMS - Effective Team\" \/>\n<meta property=\"og:description\" content=\"Wysy\u0142ka MMS \/SMS Skuteczne kampanie SMS \/ MMS Kampanie SMS \/ MMS to doskona\u0142e rozwi\u0105zanie do zdobywania nowych klient\u00f3w i utrzymywania z nimi dobrych relacji. Poinformuj konsument\u00f3w o rabatach, ofertach specjalnych, przypomnij im o spotkaniu lub podzi\u0119kuj za zakup. Wykorzystaj w pe\u0142ni potencja\u0142 wiadomo\u015bci SMS i MMS! Kampanie SMS to jedna z najszybszych i odznaczaj\u0105cych [&hellip;]\" \/>\n<meta property=\"og:url\" content=\"https:\/\/effectivedata.pl\/?page_id=2007\" \/>\n<meta property=\"og:site_name\" content=\"Effective Team\" \/>\n<meta property=\"article:publisher\" content=\"https:\/\/www.facebook.com\/profile.php?id=61556272891064\" \/>\n<meta property=\"article:modified_time\" content=\"2025-03-23T17:53:07+00:00\" \/>\n<meta name=\"twitter:card\" content=\"summary_large_image\" \/>\n<meta name=\"twitter:label1\" content=\"Szacowany czas czytania\" \/>\n\t<meta name=\"twitter:data1\" content=\"1 minuta\" \/>\n<script type=\"application\/ld+json\" class=\"yoast-schema-graph\">{\"@context\":\"https:\/\/schema.org\",\"@graph\":[{\"@type\":\"WebPage\",\"@id\":\"https:\/\/effectivedata.pl\/?page_id=2007\",\"url\":\"https:\/\/effectivedata.pl\/?page_id=2007\",\"name\":\"Wysy\u0142ka MMS \/SMS - Effective Team\",\"isPartOf\":{\"@id\":\"https:\/\/effectivedata.pl\/#website\"},\"datePublished\":\"2023-09-07T20:08:19+00:00\",\"dateModified\":\"2025-03-23T17:53:07+00:00\",\"breadcrumb\":{\"@id\":\"https:\/\/effectivedata.pl\/?page_id=2007#breadcrumb\"},\"inLanguage\":\"pl-PL\",\"potentialAction\":[{\"@type\":\"ReadAction\",\"target\":[\"https:\/\/effectivedata.pl\/?page_id=2007\"]}]},{\"@type\":\"BreadcrumbList\",\"@id\":\"https:\/\/effectivedata.pl\/?page_id=2007#breadcrumb\",\"itemListElement\":[{\"@type\":\"ListItem\",\"position\":1,\"name\":\"Strona g\u0142\u00f3wna\",\"item\":\"https:\/\/effectivedata.pl\/\"},{\"@type\":\"ListItem\",\"position\":2,\"name\":\"Wysy\u0142ka MMS \/SMS\"}]},{\"@type\":\"WebSite\",\"@id\":\"https:\/\/effectivedata.pl\/#website\",\"url\":\"https:\/\/effectivedata.pl\/\",\"name\":\"Effective Team\",\"description\":\"Digital Agency\",\"publisher\":{\"@id\":\"https:\/\/effectivedata.pl\/#organization\"},\"potentialAction\":[{\"@type\":\"SearchAction\",\"target\":{\"@type\":\"EntryPoint\",\"urlTemplate\":\"https:\/\/effectivedata.pl\/?s={search_term_string}\"},\"query-input\":{\"@type\":\"PropertyValueSpecification\",\"valueRequired\":true,\"valueName\":\"search_term_string\"}}],\"inLanguage\":\"pl-PL\"},{\"@type\":\"Organization\",\"@id\":\"https:\/\/effectivedata.pl\/#organization\",\"name\":\"Effective Team\",\"url\":\"https:\/\/effectivedata.pl\/\",\"logo\":{\"@type\":\"ImageObject\",\"inLanguage\":\"pl-PL\",\"@id\":\"https:\/\/effectivedata.pl\/#\/schema\/logo\/image\/\",\"url\":\"https:\/\/effectivedata.pl\/wp-content\/uploads\/2024\/02\/cropped-nr-3Blue-Futuristic-Simple-Gradient-Modern-Technology-Logo3-2.png\",\"contentUrl\":\"https:\/\/effectivedata.pl\/wp-content\/uploads\/2024\/02\/cropped-nr-3Blue-Futuristic-Simple-Gradient-Modern-Technology-Logo3-2.png\",\"width\":500,\"height\":167,\"caption\":\"Effective Team\"},\"image\":{\"@id\":\"https:\/\/effectivedata.pl\/#\/schema\/logo\/image\/\"},\"sameAs\":[\"https:\/\/www.facebook.com\/profile.php?id=61556272891064\"]}]}<\/script>\n<!-- \/ Yoast SEO plugin. -->","yoast_head_json":{"title":"Wysy\u0142ka MMS \/SMS - Effective Team","robots":{"index":"index","follow":"follow","max-snippet":"max-snippet:-1","max-image-preview":"max-image-preview:large","max-video-preview":"max-video-preview:-1"},"canonical":"https:\/\/effectivedata.pl\/?page_id=2007","og_locale":"pl_PL","og_type":"article","og_title":"Wysy\u0142ka MMS \/SMS - Effective Team","og_description":"Wysy\u0142ka MMS \/SMS Skuteczne kampanie SMS \/ MMS Kampanie SMS \/ MMS to doskona\u0142e rozwi\u0105zanie do zdobywania nowych klient\u00f3w i utrzymywania z nimi dobrych relacji. Poinformuj konsument\u00f3w o rabatach, ofertach specjalnych, przypomnij im o spotkaniu lub podzi\u0119kuj za zakup. Wykorzystaj w pe\u0142ni potencja\u0142 wiadomo\u015bci SMS i MMS! Kampanie SMS to jedna z najszybszych i odznaczaj\u0105cych [&hellip;]","og_url":"https:\/\/effectivedata.pl\/?page_id=2007","og_site_name":"Effective Team","article_publisher":"https:\/\/www.facebook.com\/profile.php?id=61556272891064","article_modified_time":"2025-03-23T17:53:07+00:00","twitter_card":"summary_large_image","twitter_misc":{"Szacowany czas czytania":"1 minuta"},"schema":{"@context":"https:\/\/schema.org","@graph":[{"@type":"WebPage","@id":"https:\/\/effectivedata.pl\/?page_id=2007","url":"https:\/\/effectivedata.pl\/?page_id=2007","name":"Wysy\u0142ka MMS \/SMS - Effective Team","isPartOf":{"@id":"https:\/\/effectivedata.pl\/#website"},"datePublished":"2023-09-07T20:08:19+00:00","dateModified":"2025-03-23T17:53:07+00:00","breadcrumb":{"@id":"https:\/\/effectivedata.pl\/?page_id=2007#breadcrumb"},"inLanguage":"pl-PL","potentialAction":[{"@type":"ReadAction","target":["https:\/\/effectivedata.pl\/?page_id=2007"]}]},{"@type":"BreadcrumbList","@id":"https:\/\/effectivedata.pl\/?page_id=2007#breadcrumb","itemListElement":[{"@type":"ListItem","position":1,"name":"Strona g\u0142\u00f3wna","item":"https:\/\/effectivedata.pl\/"},{"@type":"ListItem","position":2,"name":"Wysy\u0142ka MMS \/SMS"}]},{"@type":"WebSite","@id":"https:\/\/effectivedata.pl\/#website","url":"https:\/\/effectivedata.pl\/","name":"Effective Team","description":"Digital Agency","publisher":{"@id":"https:\/\/effectivedata.pl\/#organization"},"potentialAction":[{"@type":"SearchAction","target":{"@type":"EntryPoint","urlTemplate":"https:\/\/effectivedata.pl\/?s={search_term_string}"},"query-input":{"@type":"PropertyValueSpecification","valueRequired":true,"valueName":"search_term_string"}}],"inLanguage":"pl-PL"},{"@type":"Organization","@id":"https:\/\/effectivedata.pl\/#organization","name":"Effective Team","url":"https:\/\/effectivedata.pl\/","logo":{"@type":"ImageObject","inLanguage":"pl-PL","@id":"https:\/\/effectivedata.pl\/#\/schema\/logo\/image\/","url":"https:\/\/effectivedata.pl\/wp-content\/uploads\/2024\/02\/cropped-nr-3Blue-Futuristic-Simple-Gradient-Modern-Technology-Logo3-2.png","contentUrl":"https:\/\/effectivedata.pl\/wp-content\/uploads\/2024\/02\/cropped-nr-3Blue-Futuristic-Simple-Gradient-Modern-Technology-Logo3-2.png","width":500,"height":167,"caption":"Effective Team"},"image":{"@id":"https:\/\/effectivedata.pl\/#\/schema\/logo\/image\/"},"sameAs":["https:\/\/www.facebook.com\/profile.php?id=61556272891064"]}]}},"_links":{"self":[{"href":"https:\/\/effectivedata.pl\/index.php?rest_route=\/wp\/v2\/pages\/2007","targetHints":{"allow":["GET"]}}],"collection":[{"href":"https:\/\/effectivedata.pl\/index.php?rest_route=\/wp\/v2\/pages"}],"about":[{"href":"https:\/\/effectivedata.pl\/index.php?rest_route=\/wp\/v2\/types\/page"}],"author":[{"embeddable":true,"href":"https:\/\/effectivedata.pl\/index.php?rest_route=\/wp\/v2\/users\/1"}],"replies":[{"embeddable":true,"href":"https:\/\/effectivedata.pl\/index.php?rest_route=%2Fwp%2Fv2%2Fcomments&post=2007"}],"version-history":[{"count":16,"href":"https:\/\/effectivedata.pl\/index.php?rest_route=\/wp\/v2\/pages\/2007\/revisions"}],"predecessor-version":[{"id":2899,"href":"https:\/\/effectivedata.pl\/index.php?rest_route=\/wp\/v2\/pages\/2007\/revisions\/2899"}],"wp:attachment":[{"href":"https:\/\/effectivedata.pl\/index.php?rest_route=%2Fwp%2Fv2%2Fmedia&parent=2007"}],"curies":[{"name":"wp","href":"https:\/\/api.w.org\/{rel}","templated":true}]}}