{"id":2002,"date":"2023-09-07T20:07:42","date_gmt":"2023-09-07T20:07:42","guid":{"rendered":"https:\/\/effectivedata.pl\/?page_id=2002"},"modified":"2024-02-11T22:34:57","modified_gmt":"2024-02-11T22:34:57","slug":"email-margeting","status":"publish","type":"page","link":"https:\/\/effectivedata.pl\/?page_id=2002","title":{"rendered":"Email Marketing"},"content":{"rendered":"\t\t<div data-elementor-type=\"wp-page\" data-elementor-id=\"2002\" class=\"elementor elementor-2002\">\n\t\t\t\t\t\t<section class=\"elementor-section elementor-top-section elementor-element elementor-element-98b6435 elementor-section-boxed elementor-section-height-default elementor-section-height-default\" data-id=\"98b6435\" data-element_type=\"section\">\n\t\t\t\t\t\t<div class=\"elementor-container elementor-column-gap-default\">\n\t\t\t\t\t<div class=\"elementor-column elementor-col-100 elementor-top-column elementor-element elementor-element-1578a64\" data-id=\"1578a64\" data-element_type=\"column\">\n\t\t\t<div class=\"elementor-widget-wrap elementor-element-populated\">\n\t\t\t\t\t\t<div class=\"elementor-element elementor-element-0b56ab0 elementor-widget elementor-widget-heading\" data-id=\"0b56ab0\" data-element_type=\"widget\" data-widget_type=\"heading.default\">\n\t\t\t\t<div class=\"elementor-widget-container\">\n\t\t\t\t\t<h2 class=\"elementor-heading-title elementor-size-default\"><br>Email Marketing<\/h2>\t\t\t\t<\/div>\n\t\t\t\t<\/div>\n\t\t\t\t\t<\/div>\n\t\t<\/div>\n\t\t\t\t\t<\/div>\n\t\t<\/section>\n\t\t\t\t<section class=\"elementor-section elementor-top-section elementor-element elementor-element-b1af1d8 elementor-section-boxed elementor-section-height-default elementor-section-height-default\" data-id=\"b1af1d8\" data-element_type=\"section\">\n\t\t\t\t\t\t<div class=\"elementor-container elementor-column-gap-default\">\n\t\t\t\t\t<div class=\"elementor-column elementor-col-50 elementor-top-column elementor-element elementor-element-c88835c\" data-id=\"c88835c\" data-element_type=\"column\">\n\t\t\t<div class=\"elementor-widget-wrap elementor-element-populated\">\n\t\t\t\t\t\t<div class=\"elementor-element elementor-element-6c95787 elementor-view-framed elementor-shape-circle elementor-position-top elementor-mobile-position-top elementor-widget elementor-widget-icon-box\" data-id=\"6c95787\" data-element_type=\"widget\" data-widget_type=\"icon-box.default\">\n\t\t\t\t<div class=\"elementor-widget-container\">\n\t\t\t\t\t\t\t<div class=\"elementor-icon-box-wrapper\">\n\n\t\t\t\t\t\t<div class=\"elementor-icon-box-icon\">\n\t\t\t\t<span  class=\"elementor-icon\">\n\t\t\t\t<i aria-hidden=\"true\" class=\"far fa-envelope\"><\/i>\t\t\t\t<\/span>\n\t\t\t<\/div>\n\t\t\t\n\t\t\t\t\t\t<div class=\"elementor-icon-box-content\">\n\n\t\t\t\t\t\t\t\t\t<h3 class=\"elementor-icon-box-title\">\n\t\t\t\t\t\t<span  >\n\t\t\t\t\t\t\tBaza konsumencka (B2C)\t\t\t\t\t\t<\/span>\n\t\t\t\t\t<\/h3>\n\t\t\t\t\n\t\t\t\t\n\t\t\t<\/div>\n\t\t\t\n\t\t<\/div>\n\t\t\t\t\t\t<\/div>\n\t\t\t\t<\/div>\n\t\t\t\t<div class=\"elementor-element elementor-element-ea087bc elementor-widget elementor-widget-text-editor\" data-id=\"ea087bc\" data-element_type=\"widget\" data-widget_type=\"text-editor.default\">\n\t\t\t\t<div class=\"elementor-widget-container\">\n\t\t\t\t\t\t\t\t\t<p><strong>\u00a01 MLN : U\u017cytkownik\u00f3w posiadaj\u0105cych e-mail pozyskanych w ci\u0105gu\u00a0 ostatnich 2 lat.\u00a0<\/strong><\/p><p><strong>650 000 : U\u017cytkownik\u00f3w, kt\u00f3rzy poza emailem posiadaj\u0105 r\u00f3wnie\u017c telefon<\/strong><\/p><p><strong>Dodatkowe dane takie jak : Adres, wiek, p\u0142e\u0107, zainteresowania.<\/strong><\/p><p><b>Mo\u017cliwo\u015b\u0107 zakupu rekord\u00f3w, kt\u00f3re klikn\u0119\u0142y albo otworzy\u0142y e-mailig<\/b><\/p>\t\t\t\t\t\t\t\t<\/div>\n\t\t\t\t<\/div>\n\t\t\t\t\t<\/div>\n\t\t<\/div>\n\t\t\t\t<div class=\"elementor-column elementor-col-50 elementor-top-column elementor-element elementor-element-5869a99\" data-id=\"5869a99\" data-element_type=\"column\">\n\t\t\t<div class=\"elementor-widget-wrap elementor-element-populated\">\n\t\t\t\t\t\t<div class=\"elementor-element elementor-element-ea41bcd elementor-view-stacked elementor-shape-circle elementor-position-top elementor-mobile-position-top elementor-widget elementor-widget-icon-box\" data-id=\"ea41bcd\" data-element_type=\"widget\" data-widget_type=\"icon-box.default\">\n\t\t\t\t<div class=\"elementor-widget-container\">\n\t\t\t\t\t\t\t<div class=\"elementor-icon-box-wrapper\">\n\n\t\t\t\t\t\t<div class=\"elementor-icon-box-icon\">\n\t\t\t\t<span  class=\"elementor-icon\">\n\t\t\t\t<i aria-hidden=\"true\" class=\"far fa-building\"><\/i>\t\t\t\t<\/span>\n\t\t\t<\/div>\n\t\t\t\n\t\t\t\t\t\t<div class=\"elementor-icon-box-content\">\n\n\t\t\t\t\t\t\t\t\t<h3 class=\"elementor-icon-box-title\">\n\t\t\t\t\t\t<span  >\n\t\t\t\t\t\t\tBaza firm (B2B)\t\t\t\t\t\t<\/span>\n\t\t\t\t\t<\/h3>\n\t\t\t\t\n\t\t\t\t\n\t\t\t<\/div>\n\t\t\t\n\t\t<\/div>\n\t\t\t\t\t\t<\/div>\n\t\t\t\t<\/div>\n\t\t\t\t<div class=\"elementor-element elementor-element-2a4c22b elementor-widget elementor-widget-text-editor\" data-id=\"2a4c22b\" data-element_type=\"widget\" data-widget_type=\"text-editor.default\">\n\t\t\t\t<div class=\"elementor-widget-container\">\n\t\t\t\t\t\t\t\t\t<p><strong>700 000 : firm posiadaj\u0105cych e-mia\u0142<\/strong><\/p><p><strong>530\u00a0000 : firm posiadaj\u0105cych telefon<\/strong><\/p><p><strong>Dodatkowe dane takie jak : Adres, PKD, Ilo\u015b\u0107 zatrudnionych os\u00f3b, Obroty, Flota samochodowa, Forma prawna.<\/strong><\/p><p><b>Mo\u017cliwo\u015b\u0107 zakupu rekord\u00f3w, kt\u00f3re klikn\u0119\u0142y albo otworzy\u0142y e-mailig<\/b><\/p>\t\t\t\t\t\t\t\t<\/div>\n\t\t\t\t<\/div>\n\t\t\t\t\t<\/div>\n\t\t<\/div>\n\t\t\t\t\t<\/div>\n\t\t<\/section>\n\t\t\t\t<section class=\"elementor-section elementor-inner-section elementor-element elementor-element-6f2eb28 elementor-section-boxed elementor-section-height-default elementor-section-height-default\" data-id=\"6f2eb28\" data-element_type=\"section\">\n\t\t\t\t\t\t<div class=\"elementor-container elementor-column-gap-default\">\n\t\t\t\t\t<div class=\"elementor-column elementor-col-100 elementor-inner-column elementor-element elementor-element-b5bbb75\" data-id=\"b5bbb75\" data-element_type=\"column\">\n\t\t\t<div class=\"elementor-widget-wrap elementor-element-populated\">\n\t\t\t\t\t\t<div class=\"elementor-element elementor-element-52a58f1 elementor-widget elementor-widget-text-editor\" data-id=\"52a58f1\" data-element_type=\"widget\" data-widget_type=\"text-editor.default\">\n\t\t\t\t<div class=\"elementor-widget-container\">\n\t\t\t\t\t\t\t\t\t<h5><span style=\"color: #242a56; font-family: 'Roboto Slab', sans-serif; font-style: inherit; background-color: var(--ast-global-color-4); font-weight: normal;\">Kampanie e-mailingowe to jedna z najszybszych i odznaczaj\u0105cych si\u0119 wysok\u0105 skuteczno\u015bci\u0105 form\u0105 marketingu bezpo\u015bredniego. Dzi\u0119ki nim mo\u017cesz \u0142atwo pozyska\u0107 nowych klient\u00f3w lub wypromowa\u0107 swoj\u0105 mark\u0119!<\/span><\/h5>\t\t\t\t\t\t\t\t<\/div>\n\t\t\t\t<\/div>\n\t\t\t\t\t<\/div>\n\t\t<\/div>\n\t\t\t\t\t<\/div>\n\t\t<\/section>\n\t\t\t\t<section class=\"elementor-section elementor-top-section elementor-element elementor-element-dede05b elementor-section-boxed elementor-section-height-default elementor-section-height-default\" data-id=\"dede05b\" data-element_type=\"section\">\n\t\t\t\t\t\t<div class=\"elementor-container elementor-column-gap-default\">\n\t\t\t\t\t<div class=\"elementor-column elementor-col-100 elementor-top-column elementor-element elementor-element-a330885\" data-id=\"a330885\" data-element_type=\"column\">\n\t\t\t<div class=\"elementor-widget-wrap elementor-element-populated\">\n\t\t\t\t\t\t<div class=\"elementor-element elementor-element-5e1bac4 elementor-widget elementor-widget-text-editor\" data-id=\"5e1bac4\" data-element_type=\"widget\" data-widget_type=\"text-editor.default\">\n\t\t\t\t<div class=\"elementor-widget-container\">\n\t\t\t\t\t\t\t\t\t<p><strong>Najwi\u0119ksze zalety e-mail marketingu:<\/strong><\/p><p style=\"margin-left: 36.0pt; text-indent: -18.0pt; mso-list: l0 level1 lfo1; tab-stops: list 36.0pt;\"><!-- [if !supportLists]-->1.<span style=\"font-variant-numeric: normal; font-variant-east-asian: normal; font-variant-alternates: normal; font-kerning: auto; font-optical-sizing: auto; font-feature-settings: normal; font-variation-settings: normal; font-variant-position: normal; font-stretch: normal; font-size: 7pt; line-height: normal; font-family: 'Times New Roman';\"> \u00a0\u00a0\u00a0 <\/span><strong>Mo\u017cliwo\u015b\u0107 wysy\u0142ki Twojej wiadomo\u015bci do wielu os\u00f3b:<\/strong>\u00a0\u015aredni czas wysy\u0142ki e mailingu to 2-3 godziny. Co oznacza, \u017ce twoja wiadomo\u015bci bardzo szybko mo\u017ce trafi\u0107 do setek tysi\u0119cy u\u017cytkownik\u00f3w. Jest to szczeg\u00f3lnie warto\u015bciowe w przypadku promocji wydarze\u0144 lub promocji ograniczonych czasowo.<\/p><p style=\"margin-left: 36.0pt; text-indent: -18.0pt; mso-list: l0 level1 lfo1; tab-stops: list 36.0pt;\"><!-- [if !supportLists]-->2.<span style=\"font-variant-numeric: normal; font-variant-east-asian: normal; font-variant-alternates: normal; font-kerning: auto; font-optical-sizing: auto; font-feature-settings: normal; font-variation-settings: normal; font-variant-position: normal; font-stretch: normal; font-size: 7pt; line-height: normal; font-family: 'Times New Roman';\">\u00a0\u00a0\u00a0\u00a0 <\/span><!--[endif]--><strong>Segmentacja i targetowanie:<\/strong>\u00a0 Posiadamy bazy danych umo\u017cliwiaj\u0105ce segmentacj\u0119 wed\u0142ug r\u00f3\u017cnych kryteri\u00f3w, zar\u00f3wno w bazach konsumenckich jaki firmowych. Dzi\u0119ki temu mo\u017cesz wybra\u0107 dok\u0142adnie te grupy klient\u00f3w, kt\u00f3re s\u0105 dla ciebie najbardziej interesuj\u0105ce i kt\u00f3re najlepiej pasuj\u0105 do Twojej oferty.<\/p><p style=\"margin-left: 36.0pt; text-indent: -18.0pt; mso-list: l0 level1 lfo1; tab-stops: list 36.0pt;\"><!-- [if !supportLists]-->4.<span style=\"font-variant-numeric: normal; font-variant-east-asian: normal; font-variant-alternates: normal; font-kerning: auto; font-optical-sizing: auto; font-feature-settings: normal; font-variation-settings: normal; font-variant-position: normal; font-stretch: normal; font-size: 7pt; line-height: normal; font-family: 'Times New Roman';\">\u00a0\u00a0\u00a0\u00a0 <\/span><strong>Profesjonalny system wysy\u0142kowy:<\/strong>\u00a0Dzi\u0119ki niemu zapewniamy wysokiej dostarczalno\u015bci. Dodatkowo raporty po wysy\u0142ce s\u0105 generowane systemowo w formie PDF, dzi\u0119ki czemu masz pewno\u015b\u0107, \u017ce dane nie s\u0105 zmanipulowane i otrzymasz dok\u0142adne informacj\u0119 o wynikach prowadzonych dzia\u0142a\u0144.<\/p><p style=\"margin-left: 36.0pt; text-indent: -18.0pt; mso-list: l0 level1 lfo1; tab-stops: list 36.0pt;\"><!-- [if !supportLists]-->5.<span style=\"font-variant-numeric: normal; font-variant-east-asian: normal; font-variant-alternates: normal; font-kerning: auto; font-optical-sizing: auto; font-feature-settings: normal; font-variation-settings: normal; font-variant-position: normal; font-stretch: normal; font-size: 7pt; line-height: normal; font-family: 'Times New Roman';\">\u00a0\u00a0\u00a0\u00a0 <\/span><strong>Mo\u017cliwo\u015b\u0107 wygenerowania os\u00f3b, kt\u00f3re otworzy\u0142y lub klikn\u0119\u0142y w e-mailing:<\/strong>\u00a0Po wysy\u0142ce e-mailingu mamy informacj\u0119 o aktywno\u015bci U\u017cytkownik\u00f3w. Dzi\u0119ki temu mo\u017cemy wskaza\u0107 osoby, zareagowa\u0142y na wiadomo\u015b\u0107, i przekaza\u0107 Ci np. dok\u0142adne dane takie jak numer telefonu i nazw\u0119 firmy, lub osoby prywatniej.<\/p><p style=\"margin-left: 36.0pt; text-indent: -18.0pt; mso-list: l0 level1 lfo1; tab-stops: list 36.0pt;\">6.<span style=\"font-variant-numeric: normal; font-variant-east-asian: normal; font-variant-alternates: normal; font-kerning: auto; font-optical-sizing: auto; font-feature-settings: normal; font-variation-settings: normal; font-variant-position: normal; font-stretch: normal; font-size: 7pt; line-height: normal; font-family: 'Times New Roman';\">\u00a0\u00a0\u00a0\u00a0\u00a0<\/span><span style=\"font-weight: bold;\">Dzia\u0142amy zgodnie z RODO:<\/span> Pami\u0119tajmy, \u017ce najwa\u017cniejszym aspektem zar\u00f3wno dla Reklamodawc\u00f3w jak i\u00a0 wysy\u0142ce e-mailingu mamy informacj\u0119 o aktywno\u015bci U\u017cytkownik\u00f3w. Dzi\u0119ki temu mo\u017cemy wskaza\u0107 osoby, zareagowa\u0142y na wiadomo\u015b\u0107, i przekaza\u0107 Ci np. dok\u0142adne dane takie jak numer telefonu i nazw\u0119 firmy, lub osoby prywatniej.<\/p><p style=\"margin-left: 36.0pt; text-indent: -18.0pt; mso-list: l0 level1 lfo1; tab-stops: list 36.0pt;\">\u00a0<\/p><h5><span style=\"font-size: 11.0pt; line-height: 115%; font-family: 'Calibri','sans-serif'; mso-ascii-theme-font: minor-latin; mso-fareast-font-family: Calibri; mso-fareast-theme-font: minor-latin; mso-hansi-theme-font: minor-latin; mso-bidi-font-family: 'Times New Roman'; mso-bidi-theme-font: minor-bidi; mso-ansi-language: PL; mso-fareast-language: EN-US; mso-bidi-language: AR-SA;\">Warto jednak pami\u0119ta\u0107, \u017ce jako\u015b\u0107 zakupionej bazy\u00a0<\/span><span style=\"font-size: 11.0pt; line-height: 115%; font-family: 'Calibri','sans-serif'; mso-ascii-theme-font: minor-latin; mso-fareast-font-family: Calibri; mso-fareast-theme-font: minor-latin; mso-hansi-theme-font: minor-latin; mso-bidi-font-family: 'Times New Roman'; mso-bidi-theme-font: minor-bidi; mso-ansi-language: PL; mso-fareast-language: EN-US; mso-bidi-language: AR-SA;\">danych jest kluczowa. Starannie wybieraj dostawc\u0119, upewnij si\u0119, \u017ce dane s\u0105\u00a0<\/span><span style=\"font-size: 11.0pt; line-height: 115%; font-family: 'Calibri','sans-serif'; mso-ascii-theme-font: minor-latin; mso-fareast-font-family: Calibri; mso-fareast-theme-font: minor-latin; mso-hansi-theme-font: minor-latin; mso-bidi-font-family: 'Times New Roman'; mso-bidi-theme-font: minor-bidi; mso-ansi-language: PL; mso-fareast-language: EN-US; mso-bidi-language: AR-SA;\">aktualne i zgodne z prawem, a tak\u017ce zawsze respektuj przepisy o ochronie danych\u00a0<\/span><span style=\"font-size: 11.0pt; line-height: 115%; font-family: 'Calibri','sans-serif'; mso-ascii-theme-font: minor-latin; mso-fareast-font-family: Calibri; mso-fareast-theme-font: minor-latin; mso-hansi-theme-font: minor-latin; mso-bidi-font-family: 'Times New Roman'; mso-bidi-theme-font: minor-bidi; mso-ansi-language: PL; mso-fareast-language: EN-US; mso-bidi-language: AR-SA;\">osobowych, takie jak RODO.e-mail\u00a0<\/span><\/h5>\t\t\t\t\t\t\t\t<\/div>\n\t\t\t\t<\/div>\n\t\t\t\t\t<\/div>\n\t\t<\/div>\n\t\t\t\t\t<\/div>\n\t\t<\/section>\n\t\t\t\t<\/div>\n\t\t","protected":false},"excerpt":{"rendered":"<p>Email Marketing Baza konsumencka (B2C) \u00a01 MLN : U\u017cytkownik\u00f3w posiadaj\u0105cych e-mail pozyskanych w ci\u0105gu\u00a0 ostatnich 2 lat.\u00a0 650 000 : U\u017cytkownik\u00f3w, kt\u00f3rzy poza emailem posiadaj\u0105 r\u00f3wnie\u017c telefon Dodatkowe dane takie jak : Adres, wiek, p\u0142e\u0107, zainteresowania. Mo\u017cliwo\u015b\u0107 zakupu rekord\u00f3w, kt\u00f3re klikn\u0119\u0142y albo otworzy\u0142y e-mailig Baza firm (B2B) 700 000 : firm posiadaj\u0105cych e-mia\u0142 530\u00a0000 : [&hellip;]<\/p>\n","protected":false},"author":1,"featured_media":0,"parent":0,"menu_order":0,"comment_status":"closed","ping_status":"closed","template":"","meta":{"site-sidebar-layout":"no-sidebar","site-content-layout":"page-builder","ast-site-content-layout":"full-width-container","site-content-style":"default","site-sidebar-style":"default","ast-global-header-display":"","ast-banner-title-visibility":"","ast-main-header-display":"","ast-hfb-above-header-display":"","ast-hfb-below-header-display":"","ast-hfb-mobile-header-display":"","site-post-title":"disabled","ast-breadcrumbs-content":"","ast-featured-img":"disabled","footer-sml-layout":"","theme-transparent-header-meta":"","adv-header-id-meta":"","stick-header-meta":"","header-above-stick-meta":"","header-main-stick-meta":"","header-below-stick-meta":"","astra-migrate-meta-layouts":"set","ast-page-background-enabled":"default","ast-page-background-meta":{"desktop":{"background-color":"","background-image":"","background-repeat":"repeat","background-position":"center center","background-size":"auto","background-attachment":"scroll","background-type":"","background-media":"","overlay-type":"","overlay-color":"","overlay-opacity":"","overlay-gradient":""},"tablet":{"background-color":"","background-image":"","background-repeat":"repeat","background-position":"center center","background-size":"auto","background-attachment":"scroll","background-type":"","background-media":"","overlay-type":"","overlay-color":"","overlay-opacity":"","overlay-gradient":""},"mobile":{"background-color":"","background-image":"","background-repeat":"repeat","background-position":"center center","background-size":"auto","background-attachment":"scroll","background-type":"","background-media":"","overlay-type":"","overlay-color":"","overlay-opacity":"","overlay-gradient":""}},"ast-content-background-meta":{"desktop":{"background-color":"var(--ast-global-color-5)","background-image":"","background-repeat":"repeat","background-position":"center center","background-size":"auto","background-attachment":"scroll","background-type":"","background-media":"","overlay-type":"","overlay-color":"","overlay-opacity":"","overlay-gradient":""},"tablet":{"background-color":"var(--ast-global-color-5)","background-image":"","background-repeat":"repeat","background-position":"center center","background-size":"auto","background-attachment":"scroll","background-type":"","background-media":"","overlay-type":"","overlay-color":"","overlay-opacity":"","overlay-gradient":""},"mobile":{"background-color":"var(--ast-global-color-5)","background-image":"","background-repeat":"repeat","background-position":"center center","background-size":"auto","background-attachment":"scroll","background-type":"","background-media":"","overlay-type":"","overlay-color":"","overlay-opacity":"","overlay-gradient":""}},"footnotes":""},"class_list":["post-2002","page","type-page","status-publish","hentry"],"yoast_head":"<!-- This site is optimized with the Yoast SEO plugin v25.0 - https:\/\/yoast.com\/wordpress\/plugins\/seo\/ -->\n<title>Email Marketing - Effective Team<\/title>\n<meta name=\"robots\" content=\"index, follow, max-snippet:-1, max-image-preview:large, max-video-preview:-1\" \/>\n<link rel=\"canonical\" href=\"https:\/\/effectivedata.pl\/?page_id=2002\" \/>\n<meta property=\"og:locale\" content=\"pl_PL\" \/>\n<meta property=\"og:type\" content=\"article\" \/>\n<meta property=\"og:title\" content=\"Email Marketing - Effective Team\" \/>\n<meta property=\"og:description\" content=\"Email Marketing Baza konsumencka (B2C) \u00a01 MLN : U\u017cytkownik\u00f3w posiadaj\u0105cych e-mail pozyskanych w ci\u0105gu\u00a0 ostatnich 2 lat.\u00a0 650 000 : U\u017cytkownik\u00f3w, kt\u00f3rzy poza emailem posiadaj\u0105 r\u00f3wnie\u017c telefon Dodatkowe dane takie jak : Adres, wiek, p\u0142e\u0107, zainteresowania. Mo\u017cliwo\u015b\u0107 zakupu rekord\u00f3w, kt\u00f3re klikn\u0119\u0142y albo otworzy\u0142y e-mailig Baza firm (B2B) 700 000 : firm posiadaj\u0105cych e-mia\u0142 530\u00a0000 : [&hellip;]\" \/>\n<meta property=\"og:url\" content=\"https:\/\/effectivedata.pl\/?page_id=2002\" \/>\n<meta property=\"og:site_name\" content=\"Effective Team\" \/>\n<meta property=\"article:publisher\" content=\"https:\/\/www.facebook.com\/profile.php?id=61556272891064\" \/>\n<meta property=\"article:modified_time\" content=\"2024-02-11T22:34:57+00:00\" \/>\n<meta name=\"twitter:card\" content=\"summary_large_image\" \/>\n<meta name=\"twitter:label1\" content=\"Szacowany czas czytania\" \/>\n\t<meta name=\"twitter:data1\" content=\"2 minuty\" \/>\n<script type=\"application\/ld+json\" class=\"yoast-schema-graph\">{\"@context\":\"https:\/\/schema.org\",\"@graph\":[{\"@type\":\"WebPage\",\"@id\":\"https:\/\/effectivedata.pl\/?page_id=2002\",\"url\":\"https:\/\/effectivedata.pl\/?page_id=2002\",\"name\":\"Email Marketing - Effective Team\",\"isPartOf\":{\"@id\":\"https:\/\/effectivedata.pl\/#website\"},\"datePublished\":\"2023-09-07T20:07:42+00:00\",\"dateModified\":\"2024-02-11T22:34:57+00:00\",\"breadcrumb\":{\"@id\":\"https:\/\/effectivedata.pl\/?page_id=2002#breadcrumb\"},\"inLanguage\":\"pl-PL\",\"potentialAction\":[{\"@type\":\"ReadAction\",\"target\":[\"https:\/\/effectivedata.pl\/?page_id=2002\"]}]},{\"@type\":\"BreadcrumbList\",\"@id\":\"https:\/\/effectivedata.pl\/?page_id=2002#breadcrumb\",\"itemListElement\":[{\"@type\":\"ListItem\",\"position\":1,\"name\":\"Strona g\u0142\u00f3wna\",\"item\":\"https:\/\/effectivedata.pl\/\"},{\"@type\":\"ListItem\",\"position\":2,\"name\":\"Email Marketing\"}]},{\"@type\":\"WebSite\",\"@id\":\"https:\/\/effectivedata.pl\/#website\",\"url\":\"https:\/\/effectivedata.pl\/\",\"name\":\"Effective Team\",\"description\":\"Digital Agency\",\"publisher\":{\"@id\":\"https:\/\/effectivedata.pl\/#organization\"},\"potentialAction\":[{\"@type\":\"SearchAction\",\"target\":{\"@type\":\"EntryPoint\",\"urlTemplate\":\"https:\/\/effectivedata.pl\/?s={search_term_string}\"},\"query-input\":{\"@type\":\"PropertyValueSpecification\",\"valueRequired\":true,\"valueName\":\"search_term_string\"}}],\"inLanguage\":\"pl-PL\"},{\"@type\":\"Organization\",\"@id\":\"https:\/\/effectivedata.pl\/#organization\",\"name\":\"Effective Team\",\"url\":\"https:\/\/effectivedata.pl\/\",\"logo\":{\"@type\":\"ImageObject\",\"inLanguage\":\"pl-PL\",\"@id\":\"https:\/\/effectivedata.pl\/#\/schema\/logo\/image\/\",\"url\":\"https:\/\/effectivedata.pl\/wp-content\/uploads\/2024\/02\/cropped-nr-3Blue-Futuristic-Simple-Gradient-Modern-Technology-Logo3-2.png\",\"contentUrl\":\"https:\/\/effectivedata.pl\/wp-content\/uploads\/2024\/02\/cropped-nr-3Blue-Futuristic-Simple-Gradient-Modern-Technology-Logo3-2.png\",\"width\":500,\"height\":167,\"caption\":\"Effective Team\"},\"image\":{\"@id\":\"https:\/\/effectivedata.pl\/#\/schema\/logo\/image\/\"},\"sameAs\":[\"https:\/\/www.facebook.com\/profile.php?id=61556272891064\"]}]}<\/script>\n<!-- \/ Yoast SEO plugin. -->","yoast_head_json":{"title":"Email Marketing - Effective Team","robots":{"index":"index","follow":"follow","max-snippet":"max-snippet:-1","max-image-preview":"max-image-preview:large","max-video-preview":"max-video-preview:-1"},"canonical":"https:\/\/effectivedata.pl\/?page_id=2002","og_locale":"pl_PL","og_type":"article","og_title":"Email Marketing - Effective Team","og_description":"Email Marketing Baza konsumencka (B2C) \u00a01 MLN : U\u017cytkownik\u00f3w posiadaj\u0105cych e-mail pozyskanych w ci\u0105gu\u00a0 ostatnich 2 lat.\u00a0 650 000 : U\u017cytkownik\u00f3w, kt\u00f3rzy poza emailem posiadaj\u0105 r\u00f3wnie\u017c telefon Dodatkowe dane takie jak : Adres, wiek, p\u0142e\u0107, zainteresowania. Mo\u017cliwo\u015b\u0107 zakupu rekord\u00f3w, kt\u00f3re klikn\u0119\u0142y albo otworzy\u0142y e-mailig Baza firm (B2B) 700 000 : firm posiadaj\u0105cych e-mia\u0142 530\u00a0000 : [&hellip;]","og_url":"https:\/\/effectivedata.pl\/?page_id=2002","og_site_name":"Effective Team","article_publisher":"https:\/\/www.facebook.com\/profile.php?id=61556272891064","article_modified_time":"2024-02-11T22:34:57+00:00","twitter_card":"summary_large_image","twitter_misc":{"Szacowany czas czytania":"2 minuty"},"schema":{"@context":"https:\/\/schema.org","@graph":[{"@type":"WebPage","@id":"https:\/\/effectivedata.pl\/?page_id=2002","url":"https:\/\/effectivedata.pl\/?page_id=2002","name":"Email Marketing - Effective Team","isPartOf":{"@id":"https:\/\/effectivedata.pl\/#website"},"datePublished":"2023-09-07T20:07:42+00:00","dateModified":"2024-02-11T22:34:57+00:00","breadcrumb":{"@id":"https:\/\/effectivedata.pl\/?page_id=2002#breadcrumb"},"inLanguage":"pl-PL","potentialAction":[{"@type":"ReadAction","target":["https:\/\/effectivedata.pl\/?page_id=2002"]}]},{"@type":"BreadcrumbList","@id":"https:\/\/effectivedata.pl\/?page_id=2002#breadcrumb","itemListElement":[{"@type":"ListItem","position":1,"name":"Strona g\u0142\u00f3wna","item":"https:\/\/effectivedata.pl\/"},{"@type":"ListItem","position":2,"name":"Email Marketing"}]},{"@type":"WebSite","@id":"https:\/\/effectivedata.pl\/#website","url":"https:\/\/effectivedata.pl\/","name":"Effective Team","description":"Digital Agency","publisher":{"@id":"https:\/\/effectivedata.pl\/#organization"},"potentialAction":[{"@type":"SearchAction","target":{"@type":"EntryPoint","urlTemplate":"https:\/\/effectivedata.pl\/?s={search_term_string}"},"query-input":{"@type":"PropertyValueSpecification","valueRequired":true,"valueName":"search_term_string"}}],"inLanguage":"pl-PL"},{"@type":"Organization","@id":"https:\/\/effectivedata.pl\/#organization","name":"Effective Team","url":"https:\/\/effectivedata.pl\/","logo":{"@type":"ImageObject","inLanguage":"pl-PL","@id":"https:\/\/effectivedata.pl\/#\/schema\/logo\/image\/","url":"https:\/\/effectivedata.pl\/wp-content\/uploads\/2024\/02\/cropped-nr-3Blue-Futuristic-Simple-Gradient-Modern-Technology-Logo3-2.png","contentUrl":"https:\/\/effectivedata.pl\/wp-content\/uploads\/2024\/02\/cropped-nr-3Blue-Futuristic-Simple-Gradient-Modern-Technology-Logo3-2.png","width":500,"height":167,"caption":"Effective Team"},"image":{"@id":"https:\/\/effectivedata.pl\/#\/schema\/logo\/image\/"},"sameAs":["https:\/\/www.facebook.com\/profile.php?id=61556272891064"]}]}},"_links":{"self":[{"href":"https:\/\/effectivedata.pl\/index.php?rest_route=\/wp\/v2\/pages\/2002","targetHints":{"allow":["GET"]}}],"collection":[{"href":"https:\/\/effectivedata.pl\/index.php?rest_route=\/wp\/v2\/pages"}],"about":[{"href":"https:\/\/effectivedata.pl\/index.php?rest_route=\/wp\/v2\/types\/page"}],"author":[{"embeddable":true,"href":"https:\/\/effectivedata.pl\/index.php?rest_route=\/wp\/v2\/users\/1"}],"replies":[{"embeddable":true,"href":"https:\/\/effectivedata.pl\/index.php?rest_route=%2Fwp%2Fv2%2Fcomments&post=2002"}],"version-history":[{"count":47,"href":"https:\/\/effectivedata.pl\/index.php?rest_route=\/wp\/v2\/pages\/2002\/revisions"}],"predecessor-version":[{"id":2585,"href":"https:\/\/effectivedata.pl\/index.php?rest_route=\/wp\/v2\/pages\/2002\/revisions\/2585"}],"wp:attachment":[{"href":"https:\/\/effectivedata.pl\/index.php?rest_route=%2Fwp%2Fv2%2Fmedia&parent=2002"}],"curies":[{"name":"wp","href":"https:\/\/api.w.org\/{rel}","templated":true}]}}