{"id":1990,"date":"2023-09-07T20:06:17","date_gmt":"2023-09-07T20:06:17","guid":{"rendered":"https:\/\/effectivedata.pl\/?page_id=1990"},"modified":"2025-05-12T22:50:52","modified_gmt":"2025-05-12T22:50:52","slug":"google-ads","status":"publish","type":"page","link":"https:\/\/effectivedata.pl\/?page_id=1990","title":{"rendered":"Google Ads"},"content":{"rendered":"\t\t<div data-elementor-type=\"wp-page\" data-elementor-id=\"1990\" class=\"elementor elementor-1990\">\n\t\t\t\t\t\t<section class=\"elementor-section elementor-top-section elementor-element elementor-element-82be78c elementor-section-boxed elementor-section-height-default elementor-section-height-default\" data-id=\"82be78c\" data-element_type=\"section\">\n\t\t\t\t\t\t<div class=\"elementor-container elementor-column-gap-default\">\n\t\t\t\t\t<div class=\"elementor-column elementor-col-100 elementor-top-column elementor-element elementor-element-746daf4\" data-id=\"746daf4\" data-element_type=\"column\">\n\t\t\t<div class=\"elementor-widget-wrap elementor-element-populated\">\n\t\t\t\t\t\t<div class=\"elementor-element elementor-element-21d8399 elementor-view-framed elementor-shape-circle elementor-position-top elementor-mobile-position-top elementor-widget elementor-widget-icon-box\" data-id=\"21d8399\" data-element_type=\"widget\" data-widget_type=\"icon-box.default\">\n\t\t\t\t<div class=\"elementor-widget-container\">\n\t\t\t\t\t\t\t<div class=\"elementor-icon-box-wrapper\">\n\n\t\t\t\t\t\t<div class=\"elementor-icon-box-icon\">\n\t\t\t\t<span  class=\"elementor-icon\">\n\t\t\t\t<i aria-hidden=\"true\" class=\"far fa-window-restore\"><\/i>\t\t\t\t<\/span>\n\t\t\t<\/div>\n\t\t\t\n\t\t\t\t\t\t<div class=\"elementor-icon-box-content\">\n\n\t\t\t\t\t\t\t\t\t<h2 class=\"elementor-icon-box-title\">\n\t\t\t\t\t\t<span  >\n\t\t\t\t\t\t\t<h2 class=\"elementor-heading-title elementor-size-default elementor-inline-editing pen\" data-elementor-setting-key=\"title\" data-pen-placeholder=\"Pisz tutaj...\" style=\"font-style: normal; margin-bottom: 0px;\">Google Ads ( kampanie PPC)<\/h2>\t\t\t\t\t\t<\/span>\n\t\t\t\t\t<\/h2>\n\t\t\t\t\n\t\t\t\t\n\t\t\t<\/div>\n\t\t\t\n\t\t<\/div>\n\t\t\t\t\t\t<\/div>\n\t\t\t\t<\/div>\n\t\t\t\t\t<\/div>\n\t\t<\/div>\n\t\t\t\t\t<\/div>\n\t\t<\/section>\n\t\t\t\t<section class=\"elementor-section elementor-inner-section elementor-element elementor-element-04a5511 elementor-section-boxed elementor-section-height-default elementor-section-height-default\" data-id=\"04a5511\" data-element_type=\"section\">\n\t\t\t\t\t\t<div class=\"elementor-container elementor-column-gap-default\">\n\t\t\t\t\t<div class=\"elementor-column elementor-col-100 elementor-inner-column elementor-element elementor-element-6fc0577\" data-id=\"6fc0577\" data-element_type=\"column\">\n\t\t\t<div class=\"elementor-widget-wrap elementor-element-populated\">\n\t\t\t\t\t\t<div class=\"elementor-element elementor-element-7ab3122 elementor-widget elementor-widget-text-editor\" data-id=\"7ab3122\" data-element_type=\"widget\" data-widget_type=\"text-editor.default\">\n\t\t\t\t<div class=\"elementor-widget-container\">\n\t\t\t\t\t\t\t\t\t<h5>Reklamy typu PPC, z kt\u00f3rymi niemal ka\u017cdy z nas mia\u0142 do czynienia, to przede wszystkim te sponsorowane linki na czo\u0142owych pozycjach wynik\u00f3w wyszukiwania, nie tylko w Google. Pomimo pozornej potrzeby du\u017cego bud\u017cetu (co mo\u017ce wynika\u0107 z kampanii d\u0142ugotrwa\u0142ych du\u017cych marek), ich skuteczno\u015b\u0107 w przyci\u0105ganiu warto\u015bciowego ruchu na stron\u0119 jest znacznie bardziej dost\u0119pna, ni\u017c si\u0119 wydaje. Jak wi\u0119c dzia\u0142aj\u0105 reklamy PPC i kiedy warto rozwa\u017cy\u0107 ich u\u017cycie?<\/h5>\t\t\t\t\t\t\t\t<\/div>\n\t\t\t\t<\/div>\n\t\t\t\t\t<\/div>\n\t\t<\/div>\n\t\t\t\t\t<\/div>\n\t\t<\/section>\n\t\t\t\t<section class=\"elementor-section elementor-top-section elementor-element elementor-element-d067ecd elementor-section-boxed elementor-section-height-default elementor-section-height-default\" data-id=\"d067ecd\" data-element_type=\"section\">\n\t\t\t\t\t\t<div class=\"elementor-container elementor-column-gap-default\">\n\t\t\t\t\t<div class=\"elementor-column elementor-col-100 elementor-top-column elementor-element elementor-element-687cf4f\" data-id=\"687cf4f\" data-element_type=\"column\">\n\t\t\t<div class=\"elementor-widget-wrap\">\n\t\t\t\t\t\t\t<\/div>\n\t\t<\/div>\n\t\t\t\t\t<\/div>\n\t\t<\/section>\n\t\t\t\t<section class=\"elementor-section elementor-top-section elementor-element elementor-element-14598eb elementor-section-boxed elementor-section-height-default elementor-section-height-default\" data-id=\"14598eb\" data-element_type=\"section\">\n\t\t\t\t\t\t<div class=\"elementor-container elementor-column-gap-default\">\n\t\t\t\t\t<div class=\"elementor-column elementor-col-100 elementor-top-column elementor-element elementor-element-b975732\" data-id=\"b975732\" data-element_type=\"column\">\n\t\t\t<div class=\"elementor-widget-wrap elementor-element-populated\">\n\t\t\t\t\t\t<div class=\"elementor-element elementor-element-71b8e59 elementor-widget elementor-widget-heading\" data-id=\"71b8e59\" data-element_type=\"widget\" data-widget_type=\"heading.default\">\n\t\t\t\t<div class=\"elementor-widget-container\">\n\t\t\t\t\t<h2 class=\"elementor-heading-title elementor-size-default\"><div style=\"font-family: 'Roboto Slab', sans-serif; font-size: 16px; line-height: 1.5; color: #000;\">\n  <p style=\"font-weight: 700;\">Jak dzia\u0142aj\u0105 kampanie PPC?<\/p>\n\n  <p style=\"font-weight: 400;\">Jednym z powszechnie znanych przyk\u0142ad\u00f3w reklam PPC jest Google Ads, kt\u00f3re obejmuje kampanie z linkami sponsorowanymi pojawiaj\u0105cymi si\u0119 zar\u00f3wno przed wynikami organicznymi, jak i po nich, na stronie wynik\u00f3w Google. P\u0142atno\u015b\u0107 w reklamie PPC jest naliczana dopiero w przypadku, gdy kto\u015b faktycznie kliknie na reklam\u0119, co oznacza, \u017ce p\u0142acisz za wyniki, a nie za samo wy\u015bwietlenie. St\u0105d pochodzi nazwa PPC, czyli Pay Per Click lub te\u017c CPC, oznaczaj\u0105ce Cost Per Click.<\/p>\n\n  <p style=\"font-weight: 700;\">1. Od czego zale\u017cy koszt kampanii:<\/p>\n  <ul style=\"font-weight: 400; padding-left: 20px; margin-top: 0;\">\n    <li>Popularno\u015b\u0107 s\u0142\u00f3w kluczowych<\/li>\n    <li>Dopasowanie s\u0142\u00f3w kluczowych<\/li>\n    <li>Jako\u015b\u0107 tekst\u00f3w reklamowych<\/li>\n    <li>Jako\u015b\u0107 grafik w kampaniach display<\/li>\n    <li>Odpowiednia grupa docelowa<\/li>\n  <\/ul>\n\n  <p style=\"font-weight: 700;\">2. Jakie s\u0105 g\u0142\u00f3wne zalety reklamy w Google Ads?<\/p>\n  <ul style=\"font-weight: 400; padding-left: 20px; margin-top: 0;\">\n    <li>Brak minimalnych limit\u00f3w koszt\u00f3w \u2013 nawet z ma\u0142ym bud\u017cetem mo\u017cesz by\u0107 wysoko w Google<\/li>\n    <li>Precyzyjne targetowanie reklamy<\/li>\n    <li>Sam wybierasz frazy, na kt\u00f3re maj\u0105 si\u0119 wy\u015bwietla\u0107 Twoje reklamy<\/li>\n    <li>Szybki start kampanii<\/li>\n  <\/ul>\n\n  <p style=\"font-weight: 700;\">3. Co jest lepsze: pozycjonowanie (SEO) czy p\u0142atna reklama (SEM)?<\/p>\n  <p style=\"font-weight: 400;\">To cz\u0119ste pytanie naszych klient\u00f3w. R\u00f3\u017cnice s\u0105 proste:<\/p>\n  <ul style=\"font-weight: 400; padding-left: 20px; margin-top: 0;\">\n    <li><strong>SEO<\/strong> \u2013 naturalne pozycjonowanie przez dodawanie tre\u015bci i optymalizacj\u0119 strony<\/li>\n    <li><strong>SEM<\/strong> \u2013 p\u0142atne kampanie w wyszukiwarce (Google Ads) i na stronach z reklamami<\/li>\n  <\/ul>\n\n  <p style=\"font-weight: 400;\">\n    <strong>Podsumowuj\u0105c:<\/strong> Je\u015bli masz czas (kilka miesi\u0119cy), SEO mo\u017ce si\u0119 op\u0142aca\u0107, ale nie daje gwarancji. SEM to szybki spos\u00f3b na zwi\u0119kszenie widoczno\u015bci, idealny gdy zale\u017cy Ci na natychmiastowych efektach.\n  <\/p>\n<\/div>\n<\/h2>\t\t\t\t<\/div>\n\t\t\t\t<\/div>\n\t\t\t\t<div class=\"elementor-element elementor-element-1f4c117 elementor-align-justify elementor-widget elementor-widget-button\" data-id=\"1f4c117\" data-element_type=\"widget\" data-widget_type=\"button.default\">\n\t\t\t\t<div class=\"elementor-widget-container\">\n\t\t\t\t\t\t\t\t\t<div class=\"elementor-button-wrapper\">\n\t\t\t\t\t<a class=\"elementor-button elementor-button-link elementor-size-sm\" href=\"https:\/\/effectivedata.pl\/?page_id=1917\">\n\t\t\t\t\t\t<span class=\"elementor-button-content-wrapper\">\n\t\t\t\t\t\t\t\t\t<span class=\"elementor-button-text\">Masz wi\u0119cej pyta\u0144?<\/span>\n\t\t\t\t\t<\/span>\n\t\t\t\t\t<\/a>\n\t\t\t\t<\/div>\n\t\t\t\t\t\t\t\t<\/div>\n\t\t\t\t<\/div>\n\t\t\t\t\t<\/div>\n\t\t<\/div>\n\t\t\t\t\t<\/div>\n\t\t<\/section>\n\t\t\t\t<\/div>\n\t\t","protected":false},"excerpt":{"rendered":"<p>Google Ads ( kampanie PPC) Reklamy typu PPC, z kt\u00f3rymi niemal ka\u017cdy z nas mia\u0142 do czynienia, to przede wszystkim te sponsorowane linki na czo\u0142owych pozycjach wynik\u00f3w wyszukiwania, nie tylko w Google. Pomimo pozornej potrzeby du\u017cego bud\u017cetu (co mo\u017ce wynika\u0107 z kampanii d\u0142ugotrwa\u0142ych du\u017cych marek), ich skuteczno\u015b\u0107 w przyci\u0105ganiu warto\u015bciowego ruchu na stron\u0119 jest znacznie [&hellip;]<\/p>\n","protected":false},"author":1,"featured_media":0,"parent":0,"menu_order":0,"comment_status":"closed","ping_status":"closed","template":"","meta":{"site-sidebar-layout":"no-sidebar","site-content-layout":"page-builder","ast-site-content-layout":"full-width-container","site-content-style":"default","site-sidebar-style":"default","ast-global-header-display":"","ast-banner-title-visibility":"","ast-main-header-display":"","ast-hfb-above-header-display":"","ast-hfb-below-header-display":"","ast-hfb-mobile-header-display":"","site-post-title":"disabled","ast-breadcrumbs-content":"","ast-featured-img":"disabled","footer-sml-layout":"","theme-transparent-header-meta":"","adv-header-id-meta":"","stick-header-meta":"","header-above-stick-meta":"","header-main-stick-meta":"","header-below-stick-meta":"","astra-migrate-meta-layouts":"set","ast-page-background-enabled":"default","ast-page-background-meta":{"desktop":{"background-color":"","background-image":"","background-repeat":"repeat","background-position":"center center","background-size":"auto","background-attachment":"scroll","background-type":"","background-media":"","overlay-type":"","overlay-color":"","overlay-opacity":"","overlay-gradient":""},"tablet":{"background-color":"","background-image":"","background-repeat":"repeat","background-position":"center center","background-size":"auto","background-attachment":"scroll","background-type":"","background-media":"","overlay-type":"","overlay-color":"","overlay-opacity":"","overlay-gradient":""},"mobile":{"background-color":"","background-image":"","background-repeat":"repeat","background-position":"center center","background-size":"auto","background-attachment":"scroll","background-type":"","background-media":"","overlay-type":"","overlay-color":"","overlay-opacity":"","overlay-gradient":""}},"ast-content-background-meta":{"desktop":{"background-color":"var(--ast-global-color-5)","background-image":"","background-repeat":"repeat","background-position":"center center","background-size":"auto","background-attachment":"scroll","background-type":"","background-media":"","overlay-type":"","overlay-color":"","overlay-opacity":"","overlay-gradient":""},"tablet":{"background-color":"var(--ast-global-color-5)","background-image":"","background-repeat":"repeat","background-position":"center center","background-size":"auto","background-attachment":"scroll","background-type":"","background-media":"","overlay-type":"","overlay-color":"","overlay-opacity":"","overlay-gradient":""},"mobile":{"background-color":"var(--ast-global-color-5)","background-image":"","background-repeat":"repeat","background-position":"center center","background-size":"auto","background-attachment":"scroll","background-type":"","background-media":"","overlay-type":"","overlay-color":"","overlay-opacity":"","overlay-gradient":""}},"footnotes":""},"class_list":["post-1990","page","type-page","status-publish","hentry"],"yoast_head":"<!-- This site is optimized with the Yoast SEO plugin v25.0 - https:\/\/yoast.com\/wordpress\/plugins\/seo\/ -->\n<title>Google Ads - Effective Team<\/title>\n<meta name=\"robots\" content=\"index, follow, max-snippet:-1, max-image-preview:large, max-video-preview:-1\" \/>\n<link rel=\"canonical\" href=\"https:\/\/effectivedata.pl\/?page_id=1990\" \/>\n<meta property=\"og:locale\" content=\"pl_PL\" \/>\n<meta property=\"og:type\" content=\"article\" \/>\n<meta property=\"og:title\" content=\"Google Ads - Effective Team\" \/>\n<meta property=\"og:description\" content=\"Google Ads ( kampanie PPC) Reklamy typu PPC, z kt\u00f3rymi niemal ka\u017cdy z nas mia\u0142 do czynienia, to przede wszystkim te sponsorowane linki na czo\u0142owych pozycjach wynik\u00f3w wyszukiwania, nie tylko w Google. Pomimo pozornej potrzeby du\u017cego bud\u017cetu (co mo\u017ce wynika\u0107 z kampanii d\u0142ugotrwa\u0142ych du\u017cych marek), ich skuteczno\u015b\u0107 w przyci\u0105ganiu warto\u015bciowego ruchu na stron\u0119 jest znacznie [&hellip;]\" \/>\n<meta property=\"og:url\" content=\"https:\/\/effectivedata.pl\/?page_id=1990\" \/>\n<meta property=\"og:site_name\" content=\"Effective Team\" \/>\n<meta property=\"article:publisher\" content=\"https:\/\/www.facebook.com\/profile.php?id=61556272891064\" \/>\n<meta property=\"article:modified_time\" content=\"2025-05-12T22:50:52+00:00\" \/>\n<meta name=\"twitter:card\" content=\"summary_large_image\" \/>\n<meta name=\"twitter:label1\" content=\"Szacowany czas czytania\" \/>\n\t<meta name=\"twitter:data1\" content=\"2 minuty\" \/>\n<script type=\"application\/ld+json\" class=\"yoast-schema-graph\">{\"@context\":\"https:\/\/schema.org\",\"@graph\":[{\"@type\":\"WebPage\",\"@id\":\"https:\/\/effectivedata.pl\/?page_id=1990\",\"url\":\"https:\/\/effectivedata.pl\/?page_id=1990\",\"name\":\"Google Ads - Effective Team\",\"isPartOf\":{\"@id\":\"https:\/\/effectivedata.pl\/#website\"},\"datePublished\":\"2023-09-07T20:06:17+00:00\",\"dateModified\":\"2025-05-12T22:50:52+00:00\",\"breadcrumb\":{\"@id\":\"https:\/\/effectivedata.pl\/?page_id=1990#breadcrumb\"},\"inLanguage\":\"pl-PL\",\"potentialAction\":[{\"@type\":\"ReadAction\",\"target\":[\"https:\/\/effectivedata.pl\/?page_id=1990\"]}]},{\"@type\":\"BreadcrumbList\",\"@id\":\"https:\/\/effectivedata.pl\/?page_id=1990#breadcrumb\",\"itemListElement\":[{\"@type\":\"ListItem\",\"position\":1,\"name\":\"Strona g\u0142\u00f3wna\",\"item\":\"https:\/\/effectivedata.pl\/\"},{\"@type\":\"ListItem\",\"position\":2,\"name\":\"Google Ads\"}]},{\"@type\":\"WebSite\",\"@id\":\"https:\/\/effectivedata.pl\/#website\",\"url\":\"https:\/\/effectivedata.pl\/\",\"name\":\"Effective Team\",\"description\":\"Digital Agency\",\"publisher\":{\"@id\":\"https:\/\/effectivedata.pl\/#organization\"},\"potentialAction\":[{\"@type\":\"SearchAction\",\"target\":{\"@type\":\"EntryPoint\",\"urlTemplate\":\"https:\/\/effectivedata.pl\/?s={search_term_string}\"},\"query-input\":{\"@type\":\"PropertyValueSpecification\",\"valueRequired\":true,\"valueName\":\"search_term_string\"}}],\"inLanguage\":\"pl-PL\"},{\"@type\":\"Organization\",\"@id\":\"https:\/\/effectivedata.pl\/#organization\",\"name\":\"Effective Team\",\"url\":\"https:\/\/effectivedata.pl\/\",\"logo\":{\"@type\":\"ImageObject\",\"inLanguage\":\"pl-PL\",\"@id\":\"https:\/\/effectivedata.pl\/#\/schema\/logo\/image\/\",\"url\":\"https:\/\/effectivedata.pl\/wp-content\/uploads\/2024\/02\/cropped-nr-3Blue-Futuristic-Simple-Gradient-Modern-Technology-Logo3-2.png\",\"contentUrl\":\"https:\/\/effectivedata.pl\/wp-content\/uploads\/2024\/02\/cropped-nr-3Blue-Futuristic-Simple-Gradient-Modern-Technology-Logo3-2.png\",\"width\":500,\"height\":167,\"caption\":\"Effective Team\"},\"image\":{\"@id\":\"https:\/\/effectivedata.pl\/#\/schema\/logo\/image\/\"},\"sameAs\":[\"https:\/\/www.facebook.com\/profile.php?id=61556272891064\"]}]}<\/script>\n<!-- \/ Yoast SEO plugin. -->","yoast_head_json":{"title":"Google Ads - Effective Team","robots":{"index":"index","follow":"follow","max-snippet":"max-snippet:-1","max-image-preview":"max-image-preview:large","max-video-preview":"max-video-preview:-1"},"canonical":"https:\/\/effectivedata.pl\/?page_id=1990","og_locale":"pl_PL","og_type":"article","og_title":"Google Ads - Effective Team","og_description":"Google Ads ( kampanie PPC) Reklamy typu PPC, z kt\u00f3rymi niemal ka\u017cdy z nas mia\u0142 do czynienia, to przede wszystkim te sponsorowane linki na czo\u0142owych pozycjach wynik\u00f3w wyszukiwania, nie tylko w Google. Pomimo pozornej potrzeby du\u017cego bud\u017cetu (co mo\u017ce wynika\u0107 z kampanii d\u0142ugotrwa\u0142ych du\u017cych marek), ich skuteczno\u015b\u0107 w przyci\u0105ganiu warto\u015bciowego ruchu na stron\u0119 jest znacznie [&hellip;]","og_url":"https:\/\/effectivedata.pl\/?page_id=1990","og_site_name":"Effective Team","article_publisher":"https:\/\/www.facebook.com\/profile.php?id=61556272891064","article_modified_time":"2025-05-12T22:50:52+00:00","twitter_card":"summary_large_image","twitter_misc":{"Szacowany czas czytania":"2 minuty"},"schema":{"@context":"https:\/\/schema.org","@graph":[{"@type":"WebPage","@id":"https:\/\/effectivedata.pl\/?page_id=1990","url":"https:\/\/effectivedata.pl\/?page_id=1990","name":"Google Ads - Effective Team","isPartOf":{"@id":"https:\/\/effectivedata.pl\/#website"},"datePublished":"2023-09-07T20:06:17+00:00","dateModified":"2025-05-12T22:50:52+00:00","breadcrumb":{"@id":"https:\/\/effectivedata.pl\/?page_id=1990#breadcrumb"},"inLanguage":"pl-PL","potentialAction":[{"@type":"ReadAction","target":["https:\/\/effectivedata.pl\/?page_id=1990"]}]},{"@type":"BreadcrumbList","@id":"https:\/\/effectivedata.pl\/?page_id=1990#breadcrumb","itemListElement":[{"@type":"ListItem","position":1,"name":"Strona g\u0142\u00f3wna","item":"https:\/\/effectivedata.pl\/"},{"@type":"ListItem","position":2,"name":"Google Ads"}]},{"@type":"WebSite","@id":"https:\/\/effectivedata.pl\/#website","url":"https:\/\/effectivedata.pl\/","name":"Effective Team","description":"Digital Agency","publisher":{"@id":"https:\/\/effectivedata.pl\/#organization"},"potentialAction":[{"@type":"SearchAction","target":{"@type":"EntryPoint","urlTemplate":"https:\/\/effectivedata.pl\/?s={search_term_string}"},"query-input":{"@type":"PropertyValueSpecification","valueRequired":true,"valueName":"search_term_string"}}],"inLanguage":"pl-PL"},{"@type":"Organization","@id":"https:\/\/effectivedata.pl\/#organization","name":"Effective Team","url":"https:\/\/effectivedata.pl\/","logo":{"@type":"ImageObject","inLanguage":"pl-PL","@id":"https:\/\/effectivedata.pl\/#\/schema\/logo\/image\/","url":"https:\/\/effectivedata.pl\/wp-content\/uploads\/2024\/02\/cropped-nr-3Blue-Futuristic-Simple-Gradient-Modern-Technology-Logo3-2.png","contentUrl":"https:\/\/effectivedata.pl\/wp-content\/uploads\/2024\/02\/cropped-nr-3Blue-Futuristic-Simple-Gradient-Modern-Technology-Logo3-2.png","width":500,"height":167,"caption":"Effective Team"},"image":{"@id":"https:\/\/effectivedata.pl\/#\/schema\/logo\/image\/"},"sameAs":["https:\/\/www.facebook.com\/profile.php?id=61556272891064"]}]}},"_links":{"self":[{"href":"https:\/\/effectivedata.pl\/index.php?rest_route=\/wp\/v2\/pages\/1990","targetHints":{"allow":["GET"]}}],"collection":[{"href":"https:\/\/effectivedata.pl\/index.php?rest_route=\/wp\/v2\/pages"}],"about":[{"href":"https:\/\/effectivedata.pl\/index.php?rest_route=\/wp\/v2\/types\/page"}],"author":[{"embeddable":true,"href":"https:\/\/effectivedata.pl\/index.php?rest_route=\/wp\/v2\/users\/1"}],"replies":[{"embeddable":true,"href":"https:\/\/effectivedata.pl\/index.php?rest_route=%2Fwp%2Fv2%2Fcomments&post=1990"}],"version-history":[{"count":43,"href":"https:\/\/effectivedata.pl\/index.php?rest_route=\/wp\/v2\/pages\/1990\/revisions"}],"predecessor-version":[{"id":3017,"href":"https:\/\/effectivedata.pl\/index.php?rest_route=\/wp\/v2\/pages\/1990\/revisions\/3017"}],"wp:attachment":[{"href":"https:\/\/effectivedata.pl\/index.php?rest_route=%2Fwp%2Fv2%2Fmedia&parent=1990"}],"curies":[{"name":"wp","href":"https:\/\/api.w.org\/{rel}","templated":true}]}}