{"id":1989,"date":"2023-09-07T20:07:06","date_gmt":"2023-09-07T20:07:06","guid":{"rendered":"https:\/\/effectivedata.pl\/?page_id=1989"},"modified":"2025-03-23T17:57:30","modified_gmt":"2025-03-23T17:57:30","slug":"generowanie-leadow-sprzedazowych","status":"publish","type":"page","link":"https:\/\/effectivedata.pl\/?page_id=1989","title":{"rendered":"Generowanie lead\u00f3w sprzeda\u017cowych"},"content":{"rendered":"\t\t<div data-elementor-type=\"wp-page\" data-elementor-id=\"1989\" class=\"elementor elementor-1989\">\n\t\t\t\t\t\t<section class=\"elementor-section elementor-top-section elementor-element elementor-element-62537bf elementor-section-boxed elementor-section-height-default elementor-section-height-default\" data-id=\"62537bf\" data-element_type=\"section\">\n\t\t\t\t\t\t<div class=\"elementor-container elementor-column-gap-default\">\n\t\t\t\t\t<div class=\"elementor-column elementor-col-100 elementor-top-column elementor-element elementor-element-ded8f38\" data-id=\"ded8f38\" data-element_type=\"column\">\n\t\t\t<div class=\"elementor-widget-wrap elementor-element-populated\">\n\t\t\t\t\t\t<div class=\"elementor-element elementor-element-c75692f elementor-view-framed elementor-shape-circle elementor-position-top elementor-mobile-position-top elementor-widget elementor-widget-icon-box\" data-id=\"c75692f\" data-element_type=\"widget\" data-widget_type=\"icon-box.default\">\n\t\t\t\t<div class=\"elementor-widget-container\">\n\t\t\t\t\t\t\t<div class=\"elementor-icon-box-wrapper\">\n\n\t\t\t\t\t\t<div class=\"elementor-icon-box-icon\">\n\t\t\t\t<span  class=\"elementor-icon\">\n\t\t\t\t<i aria-hidden=\"true\" class=\"far fa-envelope\"><\/i>\t\t\t\t<\/span>\n\t\t\t<\/div>\n\t\t\t\n\t\t\t\t\t\t<div class=\"elementor-icon-box-content\">\n\n\t\t\t\t\t\t\t\t\t<h3 class=\"elementor-icon-box-title\">\n\t\t\t\t\t\t<span  >\n\t\t\t\t\t\t\t<h2 class=\"elementor-heading-title elementor-size-default elementor-inline-editing pen\" data-elementor-setting-key=\"title\" data-pen-placeholder=\"Pisz tutaj...\" style=\"font-style: normal; margin-bottom: 0px;\">Generowanie lead\u00f3w sprzeda\u017cowych  <\/h2>\t\t\t\t\t\t<\/span>\n\t\t\t\t\t<\/h3>\n\t\t\t\t\n\t\t\t\t\n\t\t\t<\/div>\n\t\t\t\n\t\t<\/div>\n\t\t\t\t\t\t<\/div>\n\t\t\t\t<\/div>\n\t\t\t\t\t<\/div>\n\t\t<\/div>\n\t\t\t\t\t<\/div>\n\t\t<\/section>\n\t\t\t\t<section class=\"elementor-section elementor-inner-section elementor-element elementor-element-393fe70 elementor-section-boxed elementor-section-height-default elementor-section-height-default\" data-id=\"393fe70\" data-element_type=\"section\">\n\t\t\t\t\t\t<div class=\"elementor-container elementor-column-gap-default\">\n\t\t\t\t\t<div class=\"elementor-column elementor-col-100 elementor-inner-column elementor-element elementor-element-ba0f50b\" data-id=\"ba0f50b\" data-element_type=\"column\">\n\t\t\t<div class=\"elementor-widget-wrap elementor-element-populated\">\n\t\t\t\t\t\t<div class=\"elementor-element elementor-element-38778f7 elementor-widget elementor-widget-text-editor\" data-id=\"38778f7\" data-element_type=\"widget\" data-widget_type=\"text-editor.default\">\n\t\t\t\t<div class=\"elementor-widget-container\">\n\t\t\t\t\t\t\t\t\t<h5>Pozyskiwanie nowych Lead\u00f3w, na pewno jest wa\u017cn\u0105 kwesti\u0105, ale je\u015bli obs\u0142uga tego typu kampanii nie zostanie przemy\u015blana to b\u0119dzie powodowa\u0142a zniech\u0119cenie do tego typu akcji. Dlatego pomagamy w prawid\u0142owym przygotowaniu takiej kampaniii.<\/h5>\t\t\t\t\t\t\t\t<\/div>\n\t\t\t\t<\/div>\n\t\t\t\t\t<\/div>\n\t\t<\/div>\n\t\t\t\t\t<\/div>\n\t\t<\/section>\n\t\t\t\t<section class=\"elementor-section elementor-top-section elementor-element elementor-element-6c13476 elementor-section-boxed elementor-section-height-default elementor-section-height-default\" data-id=\"6c13476\" data-element_type=\"section\">\n\t\t\t\t\t\t<div class=\"elementor-container elementor-column-gap-default\">\n\t\t\t\t\t<div class=\"elementor-column elementor-col-100 elementor-top-column elementor-element elementor-element-f5994fa\" data-id=\"f5994fa\" data-element_type=\"column\">\n\t\t\t<div class=\"elementor-widget-wrap elementor-element-populated\">\n\t\t\t\t\t\t<div class=\"elementor-element elementor-element-d7c0ba9 elementor-widget__width-initial elementor-widget elementor-widget-heading\" data-id=\"d7c0ba9\" data-element_type=\"widget\" data-widget_type=\"heading.default\">\n\t\t\t\t<div class=\"elementor-widget-container\">\n\t\t\t\t\t<h2 class=\"elementor-heading-title elementor-size-default\"><p style=\"font-size: 16px; font-style: normal; font-weight: 400; font-family: &quot;Roboto Slab&quot;, sans-serif; white-space-collapse: collapse;\"><span style=\"font-weight: 700;\">Najwa\u017cniejsze aspekty:<\/span><\/p><p style=\"font-size: 16px; font-style: normal; font-weight: 400; margin-left: 36pt; font-family: &quot;Roboto Slab&quot;, sans-serif; white-space-collapse: collapse; text-indent: -18pt;\">1.<span style=\"font-variant-numeric: normal; font-variant-east-asian: normal; font-variant-alternates: normal; font-kerning: auto; font-optical-sizing: auto; font-feature-settings: normal; font-variation-settings: normal; font-variant-position: normal; font-stretch: normal; font-size: 7pt; line-height: normal; font-family: &quot;Times New Roman&quot;;\">&nbsp;&nbsp;&nbsp;&nbsp;&nbsp;<\/span><span style=\"font-weight: 700;\">Szybki kontakt:<\/span>&nbsp; Im szybciej skontaktujemy si\u0119 z osob\u0105 kt\u00f3ra zareagowa\u0142a na nasz\u0105 reklam\u0119, tym wi\u0119ksza szansa nawi\u0105zania wsp\u00f3\u0142pracy. Dlatego we wszystkich kampania ustawiamy mechanizm przesy\u0142aj\u0105cy leady na email Klient\u00f3w oraz do pliku w chmurze.<span style=\"font-style: inherit; font-weight: inherit; text-indent: -18pt; color: var( --e-global-color-astglobalcolor2 ); font-family: var( --e-global-typography-secondary-font-family ), Sans-serif; background-color: var(--ast-global-color-4);\"><br><\/span><\/p><p style=\"font-size: 16px; font-style: normal; font-weight: 400; margin-left: 36pt; font-family: &quot;Roboto Slab&quot;, sans-serif; white-space-collapse: collapse; text-indent: -18pt;\"><span style=\"font-style: inherit; font-weight: inherit; text-indent: -18pt; color: var( --e-global-color-astglobalcolor2 ); font-family: var( --e-global-typography-secondary-font-family ), Sans-serif; background-color: var(--ast-global-color-4);\">2.<\/span><span style=\"font-style: inherit; font-weight: inherit; text-indent: -18pt; color: var( --e-global-color-astglobalcolor2 ); background-color: var(--ast-global-color-4); font-variant-numeric: normal; font-variant-east-asian: normal; font-variant-alternates: normal; font-kerning: auto; font-optical-sizing: auto; font-feature-settings: normal; font-variation-settings: normal; font-variant-position: normal; font-stretch: normal; font-size: 7pt; line-height: normal; font-family: &quot;Times New Roman&quot;;\">&nbsp;&nbsp;&nbsp;&nbsp;&nbsp;<\/span><span style=\"font-weight: 700; font-style: inherit; text-indent: -18pt; color: var( --e-global-color-astglobalcolor2 ); font-family: var( --e-global-typography-secondary-font-family ), Sans-serif; background-color: var(--ast-global-color-4);\">Zainteresuj Klienta:<\/span><span style=\"font-style: inherit; font-weight: inherit; text-indent: -18pt; color: var( --e-global-color-astglobalcolor2 ); font-family: var( --e-global-typography-secondary-font-family ), Sans-serif; background-color: var(--ast-global-color-4);\">&nbsp;Je\u015bli uda Ci si\u0119 nawi\u0105za\u0107 kontakt, to wa\u017cne \u017ceby komunikowa\u0107 si\u0119 w spos\u00f3b jasny i zrozumia\u0142y, ale jednocze\u015bnie tak aby rozm\u00f3wca by\u0142 zainteresowany tym co mo\u017cesz zaoferowa\u0107.&nbsp; Przekazywanie du\u017cej ilo\u015bci wiadomo\u015bci za jednym razem spowoduje, \u017ce rozmowa b\u0119dzie trudna, a po jej zako\u0144czeniu rozm\u00f3wca nie do ko\u0144ca b\u0119dzie wiedzia\u0142 czego dotyczy\u0142a.&nbsp;<\/span><\/p><p style=\"margin-left: 36pt; text-indent: -18pt; white-space-collapse: collapse; font-weight: 400; font-style: normal; font-size: 16px; font-family: &quot;Roboto Slab&quot;, sans-serif;\">3.<span style=\"font-variant-numeric: normal; font-variant-east-asian: normal; font-variant-alternates: normal; font-kerning: auto; font-optical-sizing: auto; font-feature-settings: normal; font-variation-settings: normal; font-variant-position: normal; font-stretch: normal; font-size: 7pt; line-height: normal; font-family: &quot;Times New Roman&quot;;\">&nbsp;&nbsp;&nbsp;&nbsp;<\/span><span style=\"background-color: var(--ast-global-color-4); color: var(--ast-global-color-2); font-style: inherit; font-weight: 700;\">Social media daj\u0105 mo\u017cliwo\u015b\u0107 bardzo precyzyjnego targetowania<\/span><span style=\"text-indent: -18pt; color: var(--ast-global-color-2); background-color: var(--ast-global-color-4); font-weight: 700;\">:<\/span><span style=\"text-indent: -18pt; color: var(--ast-global-color-2); background-color: var(--ast-global-color-4);\">&nbsp; Platformy spo\u0142eczno\u015bciowe pozwalaj\u0105 na dok\u0142adne okre\u015blenie grupy docelowej dla twoich kampanii. Mo\u017cesz wybiera\u0107 kryteria demograficzne, zainteresowania, zachowania online itp. Dzi\u0119ki temu Twoje przekazy trafiaj\u0105 do os\u00f3b, kt\u00f3re s\u0105 najbardziej zainteresowane Twoj\u0105 ofert\u0105.<\/span><\/p><p style=\"margin-left: 36pt; text-indent: -18pt; white-space-collapse: collapse; font-weight: 400; font-style: normal; font-size: 16px; font-family: &quot;Roboto Slab&quot;, sans-serif;\">4.<span style=\"font-variant-numeric: normal; font-variant-east-asian: normal; font-variant-alternates: normal; font-kerning: auto; font-optical-sizing: auto; font-feature-settings: normal; font-variation-settings: normal; font-variant-position: normal; font-stretch: normal; font-size: 7pt; line-height: normal; font-family: &quot;Times New Roman&quot;;\">&nbsp;&nbsp;&nbsp;&nbsp;<\/span><span style=\"background-color: var(--ast-global-color-4); color: var(--ast-global-color-2); font-style: inherit; font-weight: 700;\">2.\tNiska cena w por\u00f3wnaniu do tradycyjnych metod<\/span><span style=\"text-indent: -18pt; color: var(--ast-global-color-2); background-color: var(--ast-global-color-4); font-weight: 700;\">:<\/span><span style=\"text-indent: -18pt; color: var(--ast-global-color-2); background-color: var(--ast-global-color-4);\">&nbsp; Generowanie lead\u00f3w poprzez media spo\u0142eczno\u015bciowe mo\u017ce by\u0107 znacznie ta\u0144sze ni\u017c korzystanie z tradycyjnych kana\u0142\u00f3w reklamowych, takich jak telewizja czy drukowane media. Dodatkowo mo\u017cesz dostosowa\u0107 bud\u017cet do swoich potrzeb i mo\u017cliwo\u015bci.<\/span><\/p><p style=\"margin-left: 36pt; text-indent: -18pt; white-space-collapse: collapse; font-weight: 400; font-style: normal; font-size: 16px; font-family: &quot;Roboto Slab&quot;, sans-serif;\"><span style=\"color: var(--ast-global-color-2); font-family: Poppins, sans-serif; font-size: 2.625rem; font-style: inherit; font-weight: 700; white-space-collapse: preserve; background-color: var(--ast-global-color-4);\"><\/span><\/p><\/h2>\t\t\t\t<\/div>\n\t\t\t\t<\/div>\n\t\t\t\t\t<\/div>\n\t\t<\/div>\n\t\t\t\t\t<\/div>\n\t\t<\/section>\n\t\t\t\t<section class=\"elementor-section elementor-top-section elementor-element elementor-element-9bf4867 elementor-section-boxed elementor-section-height-default elementor-section-height-default\" data-id=\"9bf4867\" data-element_type=\"section\">\n\t\t\t\t\t\t<div class=\"elementor-container elementor-column-gap-default\">\n\t\t\t\t\t<div class=\"elementor-column elementor-col-100 elementor-top-column elementor-element elementor-element-9f45b29\" data-id=\"9f45b29\" data-element_type=\"column\">\n\t\t\t<div class=\"elementor-widget-wrap elementor-element-populated\">\n\t\t\t\t\t\t\t<\/div>\n\t\t<\/div>\n\t\t\t\t\t<\/div>\n\t\t<\/section>\n\t\t\t\t<section class=\"elementor-section elementor-top-section elementor-element elementor-element-3228c7d elementor-section-boxed elementor-section-height-default elementor-section-height-default\" data-id=\"3228c7d\" data-element_type=\"section\">\n\t\t\t\t\t\t<div class=\"elementor-container elementor-column-gap-default\">\n\t\t\t\t\t<div class=\"elementor-column elementor-col-100 elementor-top-column elementor-element elementor-element-125ce42\" data-id=\"125ce42\" data-element_type=\"column\">\n\t\t\t<div class=\"elementor-widget-wrap elementor-element-populated\">\n\t\t\t\t\t\t<div class=\"elementor-element elementor-element-a981971 elementor-widget__width-initial elementor-widget elementor-widget-heading\" data-id=\"a981971\" data-element_type=\"widget\" data-widget_type=\"heading.default\">\n\t\t\t\t<div class=\"elementor-widget-container\">\n\t\t\t\t\t<h2 class=\"elementor-heading-title elementor-size-default\"><p style=\"font-style: normal; white-space-collapse: collapse; font-weight: 400; font-size: 16px; font-family: &quot;Roboto Slab&quot;, sans-serif;\"><span style=\"text-indent: -18pt; color: var(--ast-global-color-2); background-color: var(--ast-global-color-4);\">Pami\u0119taj jednak, \u017ce efektywne generowanie lead\u00f3w poprzez media spo\u0142eczno\u015bciowe wymaga dobrze przemy\u015blanej strategii. Niezb\u0119dne jest zrozumienie preferencji i zachowa\u0144 Twojej grupy docelowej oraz ci\u0105g\u0142e monitorowanie wynik\u00f3w kampanii, aby dostosowa\u0107 dzia\u0142ania i osi\u0105gn\u0105\u0107 najlepsze rezultaty.<\/span><\/p><p style=\"font-size: 16px; font-style: normal; font-weight: 400; margin-left: 36pt; font-family: &quot;Roboto Slab&quot;, sans-serif; white-space-collapse: collapse; text-indent: -18pt;\"><\/p><\/h2>\t\t\t\t<\/div>\n\t\t\t\t<\/div>\n\t\t\t\t<div class=\"elementor-element elementor-element-2c0d972 elementor-align-justify elementor-widget elementor-widget-button\" data-id=\"2c0d972\" data-element_type=\"widget\" data-widget_type=\"button.default\">\n\t\t\t\t<div class=\"elementor-widget-container\">\n\t\t\t\t\t\t\t\t\t<div class=\"elementor-button-wrapper\">\n\t\t\t\t\t<a class=\"elementor-button elementor-button-link elementor-size-sm\" href=\"https:\/\/effectivedata.pl\/?page_id=1917\">\n\t\t\t\t\t\t<span class=\"elementor-button-content-wrapper\">\n\t\t\t\t\t\t\t\t\t<span class=\"elementor-button-text\">Masz wi\u0119cej pyta\u0144?<\/span>\n\t\t\t\t\t<\/span>\n\t\t\t\t\t<\/a>\n\t\t\t\t<\/div>\n\t\t\t\t\t\t\t\t<\/div>\n\t\t\t\t<\/div>\n\t\t\t\t\t<\/div>\n\t\t<\/div>\n\t\t\t\t\t<\/div>\n\t\t<\/section>\n\t\t\t\t<\/div>\n\t\t","protected":false},"excerpt":{"rendered":"<p>Generowanie lead\u00f3w sprzeda\u017cowych Pozyskiwanie nowych Lead\u00f3w, na pewno jest wa\u017cn\u0105 kwesti\u0105, ale je\u015bli obs\u0142uga tego typu kampanii nie zostanie przemy\u015blana to b\u0119dzie powodowa\u0142a zniech\u0119cenie do tego typu akcji. Dlatego pomagamy w prawid\u0142owym przygotowaniu takiej kampaniii. Najwa\u017cniejsze aspekty: 1.&nbsp;&nbsp;&nbsp;&nbsp;&nbsp;Szybki kontakt:&nbsp; Im szybciej skontaktujemy si\u0119 z osob\u0105 kt\u00f3ra zareagowa\u0142a na nasz\u0105 reklam\u0119, tym wi\u0119ksza szansa nawi\u0105zania wsp\u00f3\u0142pracy. [&hellip;]<\/p>\n","protected":false},"author":1,"featured_media":0,"parent":0,"menu_order":0,"comment_status":"closed","ping_status":"closed","template":"","meta":{"site-sidebar-layout":"no-sidebar","site-content-layout":"page-builder","ast-site-content-layout":"full-width-container","site-content-style":"default","site-sidebar-style":"default","ast-global-header-display":"","ast-banner-title-visibility":"","ast-main-header-display":"","ast-hfb-above-header-display":"","ast-hfb-below-header-display":"","ast-hfb-mobile-header-display":"","site-post-title":"disabled","ast-breadcrumbs-content":"","ast-featured-img":"disabled","footer-sml-layout":"","theme-transparent-header-meta":"","adv-header-id-meta":"","stick-header-meta":"","header-above-stick-meta":"","header-main-stick-meta":"","header-below-stick-meta":"","astra-migrate-meta-layouts":"set","ast-page-background-enabled":"default","ast-page-background-meta":{"desktop":{"background-color":"","background-image":"","background-repeat":"repeat","background-position":"center center","background-size":"auto","background-attachment":"scroll","background-type":"","background-media":"","overlay-type":"","overlay-color":"","overlay-opacity":"","overlay-gradient":""},"tablet":{"background-color":"","background-image":"","background-repeat":"repeat","background-position":"center center","background-size":"auto","background-attachment":"scroll","background-type":"","background-media":"","overlay-type":"","overlay-color":"","overlay-opacity":"","overlay-gradient":""},"mobile":{"background-color":"","background-image":"","background-repeat":"repeat","background-position":"center center","background-size":"auto","background-attachment":"scroll","background-type":"","background-media":"","overlay-type":"","overlay-color":"","overlay-opacity":"","overlay-gradient":""}},"ast-content-background-meta":{"desktop":{"background-color":"var(--ast-global-color-5)","background-image":"","background-repeat":"repeat","background-position":"center center","background-size":"auto","background-attachment":"scroll","background-type":"","background-media":"","overlay-type":"","overlay-color":"","overlay-opacity":"","overlay-gradient":""},"tablet":{"background-color":"var(--ast-global-color-5)","background-image":"","background-repeat":"repeat","background-position":"center center","background-size":"auto","background-attachment":"scroll","background-type":"","background-media":"","overlay-type":"","overlay-color":"","overlay-opacity":"","overlay-gradient":""},"mobile":{"background-color":"var(--ast-global-color-5)","background-image":"","background-repeat":"repeat","background-position":"center center","background-size":"auto","background-attachment":"scroll","background-type":"","background-media":"","overlay-type":"","overlay-color":"","overlay-opacity":"","overlay-gradient":""}},"footnotes":""},"class_list":["post-1989","page","type-page","status-publish","hentry"],"yoast_head":"<!-- This site is optimized with the Yoast SEO plugin v25.0 - https:\/\/yoast.com\/wordpress\/plugins\/seo\/ -->\n<title>Generowanie lead\u00f3w sprzeda\u017cowych - Effective Team<\/title>\n<meta name=\"robots\" content=\"index, follow, max-snippet:-1, max-image-preview:large, max-video-preview:-1\" \/>\n<link rel=\"canonical\" href=\"https:\/\/effectivedata.pl\/?page_id=1989\" \/>\n<meta property=\"og:locale\" content=\"pl_PL\" \/>\n<meta property=\"og:type\" content=\"article\" \/>\n<meta property=\"og:title\" content=\"Generowanie lead\u00f3w sprzeda\u017cowych - Effective Team\" \/>\n<meta property=\"og:description\" content=\"Generowanie lead\u00f3w sprzeda\u017cowych Pozyskiwanie nowych Lead\u00f3w, na pewno jest wa\u017cn\u0105 kwesti\u0105, ale je\u015bli obs\u0142uga tego typu kampanii nie zostanie przemy\u015blana to b\u0119dzie powodowa\u0142a zniech\u0119cenie do tego typu akcji. Dlatego pomagamy w prawid\u0142owym przygotowaniu takiej kampaniii. Najwa\u017cniejsze aspekty: 1.&nbsp;&nbsp;&nbsp;&nbsp;&nbsp;Szybki kontakt:&nbsp; Im szybciej skontaktujemy si\u0119 z osob\u0105 kt\u00f3ra zareagowa\u0142a na nasz\u0105 reklam\u0119, tym wi\u0119ksza szansa nawi\u0105zania wsp\u00f3\u0142pracy. [&hellip;]\" \/>\n<meta property=\"og:url\" content=\"https:\/\/effectivedata.pl\/?page_id=1989\" \/>\n<meta property=\"og:site_name\" content=\"Effective Team\" \/>\n<meta property=\"article:publisher\" content=\"https:\/\/www.facebook.com\/profile.php?id=61556272891064\" \/>\n<meta property=\"article:modified_time\" content=\"2025-03-23T17:57:30+00:00\" \/>\n<meta name=\"twitter:card\" content=\"summary_large_image\" \/>\n<meta name=\"twitter:label1\" content=\"Szacowany czas czytania\" \/>\n\t<meta name=\"twitter:data1\" content=\"2 minuty\" \/>\n<script type=\"application\/ld+json\" class=\"yoast-schema-graph\">{\"@context\":\"https:\/\/schema.org\",\"@graph\":[{\"@type\":\"WebPage\",\"@id\":\"https:\/\/effectivedata.pl\/?page_id=1989\",\"url\":\"https:\/\/effectivedata.pl\/?page_id=1989\",\"name\":\"Generowanie lead\u00f3w sprzeda\u017cowych - Effective Team\",\"isPartOf\":{\"@id\":\"https:\/\/effectivedata.pl\/#website\"},\"datePublished\":\"2023-09-07T20:07:06+00:00\",\"dateModified\":\"2025-03-23T17:57:30+00:00\",\"breadcrumb\":{\"@id\":\"https:\/\/effectivedata.pl\/?page_id=1989#breadcrumb\"},\"inLanguage\":\"pl-PL\",\"potentialAction\":[{\"@type\":\"ReadAction\",\"target\":[\"https:\/\/effectivedata.pl\/?page_id=1989\"]}]},{\"@type\":\"BreadcrumbList\",\"@id\":\"https:\/\/effectivedata.pl\/?page_id=1989#breadcrumb\",\"itemListElement\":[{\"@type\":\"ListItem\",\"position\":1,\"name\":\"Strona g\u0142\u00f3wna\",\"item\":\"https:\/\/effectivedata.pl\/\"},{\"@type\":\"ListItem\",\"position\":2,\"name\":\"Generowanie lead\u00f3w sprzeda\u017cowych\"}]},{\"@type\":\"WebSite\",\"@id\":\"https:\/\/effectivedata.pl\/#website\",\"url\":\"https:\/\/effectivedata.pl\/\",\"name\":\"Effective Team\",\"description\":\"Digital Agency\",\"publisher\":{\"@id\":\"https:\/\/effectivedata.pl\/#organization\"},\"potentialAction\":[{\"@type\":\"SearchAction\",\"target\":{\"@type\":\"EntryPoint\",\"urlTemplate\":\"https:\/\/effectivedata.pl\/?s={search_term_string}\"},\"query-input\":{\"@type\":\"PropertyValueSpecification\",\"valueRequired\":true,\"valueName\":\"search_term_string\"}}],\"inLanguage\":\"pl-PL\"},{\"@type\":\"Organization\",\"@id\":\"https:\/\/effectivedata.pl\/#organization\",\"name\":\"Effective Team\",\"url\":\"https:\/\/effectivedata.pl\/\",\"logo\":{\"@type\":\"ImageObject\",\"inLanguage\":\"pl-PL\",\"@id\":\"https:\/\/effectivedata.pl\/#\/schema\/logo\/image\/\",\"url\":\"https:\/\/effectivedata.pl\/wp-content\/uploads\/2024\/02\/cropped-nr-3Blue-Futuristic-Simple-Gradient-Modern-Technology-Logo3-2.png\",\"contentUrl\":\"https:\/\/effectivedata.pl\/wp-content\/uploads\/2024\/02\/cropped-nr-3Blue-Futuristic-Simple-Gradient-Modern-Technology-Logo3-2.png\",\"width\":500,\"height\":167,\"caption\":\"Effective Team\"},\"image\":{\"@id\":\"https:\/\/effectivedata.pl\/#\/schema\/logo\/image\/\"},\"sameAs\":[\"https:\/\/www.facebook.com\/profile.php?id=61556272891064\"]}]}<\/script>\n<!-- \/ Yoast SEO plugin. -->","yoast_head_json":{"title":"Generowanie lead\u00f3w sprzeda\u017cowych - Effective Team","robots":{"index":"index","follow":"follow","max-snippet":"max-snippet:-1","max-image-preview":"max-image-preview:large","max-video-preview":"max-video-preview:-1"},"canonical":"https:\/\/effectivedata.pl\/?page_id=1989","og_locale":"pl_PL","og_type":"article","og_title":"Generowanie lead\u00f3w sprzeda\u017cowych - Effective Team","og_description":"Generowanie lead\u00f3w sprzeda\u017cowych Pozyskiwanie nowych Lead\u00f3w, na pewno jest wa\u017cn\u0105 kwesti\u0105, ale je\u015bli obs\u0142uga tego typu kampanii nie zostanie przemy\u015blana to b\u0119dzie powodowa\u0142a zniech\u0119cenie do tego typu akcji. Dlatego pomagamy w prawid\u0142owym przygotowaniu takiej kampaniii. Najwa\u017cniejsze aspekty: 1.&nbsp;&nbsp;&nbsp;&nbsp;&nbsp;Szybki kontakt:&nbsp; Im szybciej skontaktujemy si\u0119 z osob\u0105 kt\u00f3ra zareagowa\u0142a na nasz\u0105 reklam\u0119, tym wi\u0119ksza szansa nawi\u0105zania wsp\u00f3\u0142pracy. [&hellip;]","og_url":"https:\/\/effectivedata.pl\/?page_id=1989","og_site_name":"Effective Team","article_publisher":"https:\/\/www.facebook.com\/profile.php?id=61556272891064","article_modified_time":"2025-03-23T17:57:30+00:00","twitter_card":"summary_large_image","twitter_misc":{"Szacowany czas czytania":"2 minuty"},"schema":{"@context":"https:\/\/schema.org","@graph":[{"@type":"WebPage","@id":"https:\/\/effectivedata.pl\/?page_id=1989","url":"https:\/\/effectivedata.pl\/?page_id=1989","name":"Generowanie lead\u00f3w sprzeda\u017cowych - Effective Team","isPartOf":{"@id":"https:\/\/effectivedata.pl\/#website"},"datePublished":"2023-09-07T20:07:06+00:00","dateModified":"2025-03-23T17:57:30+00:00","breadcrumb":{"@id":"https:\/\/effectivedata.pl\/?page_id=1989#breadcrumb"},"inLanguage":"pl-PL","potentialAction":[{"@type":"ReadAction","target":["https:\/\/effectivedata.pl\/?page_id=1989"]}]},{"@type":"BreadcrumbList","@id":"https:\/\/effectivedata.pl\/?page_id=1989#breadcrumb","itemListElement":[{"@type":"ListItem","position":1,"name":"Strona g\u0142\u00f3wna","item":"https:\/\/effectivedata.pl\/"},{"@type":"ListItem","position":2,"name":"Generowanie lead\u00f3w sprzeda\u017cowych"}]},{"@type":"WebSite","@id":"https:\/\/effectivedata.pl\/#website","url":"https:\/\/effectivedata.pl\/","name":"Effective Team","description":"Digital Agency","publisher":{"@id":"https:\/\/effectivedata.pl\/#organization"},"potentialAction":[{"@type":"SearchAction","target":{"@type":"EntryPoint","urlTemplate":"https:\/\/effectivedata.pl\/?s={search_term_string}"},"query-input":{"@type":"PropertyValueSpecification","valueRequired":true,"valueName":"search_term_string"}}],"inLanguage":"pl-PL"},{"@type":"Organization","@id":"https:\/\/effectivedata.pl\/#organization","name":"Effective Team","url":"https:\/\/effectivedata.pl\/","logo":{"@type":"ImageObject","inLanguage":"pl-PL","@id":"https:\/\/effectivedata.pl\/#\/schema\/logo\/image\/","url":"https:\/\/effectivedata.pl\/wp-content\/uploads\/2024\/02\/cropped-nr-3Blue-Futuristic-Simple-Gradient-Modern-Technology-Logo3-2.png","contentUrl":"https:\/\/effectivedata.pl\/wp-content\/uploads\/2024\/02\/cropped-nr-3Blue-Futuristic-Simple-Gradient-Modern-Technology-Logo3-2.png","width":500,"height":167,"caption":"Effective Team"},"image":{"@id":"https:\/\/effectivedata.pl\/#\/schema\/logo\/image\/"},"sameAs":["https:\/\/www.facebook.com\/profile.php?id=61556272891064"]}]}},"_links":{"self":[{"href":"https:\/\/effectivedata.pl\/index.php?rest_route=\/wp\/v2\/pages\/1989","targetHints":{"allow":["GET"]}}],"collection":[{"href":"https:\/\/effectivedata.pl\/index.php?rest_route=\/wp\/v2\/pages"}],"about":[{"href":"https:\/\/effectivedata.pl\/index.php?rest_route=\/wp\/v2\/types\/page"}],"author":[{"embeddable":true,"href":"https:\/\/effectivedata.pl\/index.php?rest_route=\/wp\/v2\/users\/1"}],"replies":[{"embeddable":true,"href":"https:\/\/effectivedata.pl\/index.php?rest_route=%2Fwp%2Fv2%2Fcomments&post=1989"}],"version-history":[{"count":33,"href":"https:\/\/effectivedata.pl\/index.php?rest_route=\/wp\/v2\/pages\/1989\/revisions"}],"predecessor-version":[{"id":2911,"href":"https:\/\/effectivedata.pl\/index.php?rest_route=\/wp\/v2\/pages\/1989\/revisions\/2911"}],"wp:attachment":[{"href":"https:\/\/effectivedata.pl\/index.php?rest_route=%2Fwp%2Fv2%2Fmedia&parent=1989"}],"curies":[{"name":"wp","href":"https:\/\/api.w.org\/{rel}","templated":true}]}}