{"id":1979,"date":"2023-09-07T20:04:37","date_gmt":"2023-09-07T20:04:37","guid":{"rendered":"https:\/\/effectivedata.pl\/?page_id=1979"},"modified":"2024-02-11T22:31:48","modified_gmt":"2024-02-11T22:31:48","slug":"wzbogacanie-baz-danych","status":"publish","type":"page","link":"https:\/\/effectivedata.pl\/?page_id=1979","title":{"rendered":"Wzbogacanie baz danych"},"content":{"rendered":"\t\t<div data-elementor-type=\"wp-page\" data-elementor-id=\"1979\" class=\"elementor elementor-1979\">\n\t\t\t\t\t\t<section class=\"elementor-section elementor-top-section elementor-element elementor-element-f8aab24 elementor-section-boxed elementor-section-height-default elementor-section-height-default\" data-id=\"f8aab24\" data-element_type=\"section\">\n\t\t\t\t\t\t<div class=\"elementor-container elementor-column-gap-default\">\n\t\t\t\t\t<div class=\"elementor-column elementor-col-100 elementor-top-column elementor-element elementor-element-4d1ff17\" data-id=\"4d1ff17\" data-element_type=\"column\">\n\t\t\t<div class=\"elementor-widget-wrap elementor-element-populated\">\n\t\t\t\t\t\t<div class=\"elementor-element elementor-element-7937d19 elementor-view-framed elementor-shape-circle elementor-position-top elementor-mobile-position-top elementor-widget elementor-widget-icon-box\" data-id=\"7937d19\" data-element_type=\"widget\" data-widget_type=\"icon-box.default\">\n\t\t\t\t<div class=\"elementor-widget-container\">\n\t\t\t\t\t\t\t<div class=\"elementor-icon-box-wrapper\">\n\n\t\t\t\t\t\t<div class=\"elementor-icon-box-icon\">\n\t\t\t\t<span  class=\"elementor-icon\">\n\t\t\t\t<i aria-hidden=\"true\" class=\"fab fa-firefox\"><\/i>\t\t\t\t<\/span>\n\t\t\t<\/div>\n\t\t\t\n\t\t\t\t\t\t<div class=\"elementor-icon-box-content\">\n\n\t\t\t\t\t\t\t\t\t<h3 class=\"elementor-icon-box-title\">\n\t\t\t\t\t\t<span  >\n\t\t\t\t\t\t\t<h2 class=\"elementor-heading-title elementor-size-default elementor-inline-editing pen\" data-elementor-setting-key=\"title\" data-pen-placeholder=\"Pisz tutaj...\" style=\"font-style: normal; margin-bottom: 0px;\">Wzbogacanie baz danych  <\/h2>\t\t\t\t\t\t<\/span>\n\t\t\t\t\t<\/h3>\n\t\t\t\t\n\t\t\t\t\n\t\t\t<\/div>\n\t\t\t\n\t\t<\/div>\n\t\t\t\t\t\t<\/div>\n\t\t\t\t<\/div>\n\t\t\t\t\t<\/div>\n\t\t<\/div>\n\t\t\t\t\t<\/div>\n\t\t<\/section>\n\t\t\t\t<section class=\"elementor-section elementor-inner-section elementor-element elementor-element-46abb1a elementor-section-boxed elementor-section-height-default elementor-section-height-default\" data-id=\"46abb1a\" data-element_type=\"section\">\n\t\t\t\t\t\t<div class=\"elementor-container elementor-column-gap-default\">\n\t\t\t\t\t<div class=\"elementor-column elementor-col-100 elementor-inner-column elementor-element elementor-element-eaecf8d\" data-id=\"eaecf8d\" data-element_type=\"column\">\n\t\t\t<div class=\"elementor-widget-wrap elementor-element-populated\">\n\t\t\t\t\t\t<div class=\"elementor-element elementor-element-089f934 elementor-widget elementor-widget-text-editor\" data-id=\"089f934\" data-element_type=\"widget\" data-widget_type=\"text-editor.default\">\n\t\t\t\t<div class=\"elementor-widget-container\">\n\t\t\t\t\t\t\t\t\t<h5>\u00a0Wzbogacanie bazy o dodatkowe dane, takie jak dok\u0142adny adres pocztowy, numer telefonu lub adres e-mail, mo\u017ce przynie\u015b\u0107 wiele korzy\u015bci firmie. Oto pi\u0119\u0107 zalet tego procesu!<\/h5>\t\t\t\t\t\t\t\t<\/div>\n\t\t\t\t<\/div>\n\t\t\t\t\t<\/div>\n\t\t<\/div>\n\t\t\t\t\t<\/div>\n\t\t<\/section>\n\t\t\t\t<section class=\"elementor-section elementor-top-section elementor-element elementor-element-29f8cda elementor-section-boxed elementor-section-height-default elementor-section-height-default\" data-id=\"29f8cda\" data-element_type=\"section\">\n\t\t\t\t\t\t<div class=\"elementor-container elementor-column-gap-default\">\n\t\t\t\t\t<div class=\"elementor-column elementor-col-100 elementor-top-column elementor-element elementor-element-11556b7\" data-id=\"11556b7\" data-element_type=\"column\">\n\t\t\t<div class=\"elementor-widget-wrap elementor-element-populated\">\n\t\t\t\t\t\t<div class=\"elementor-element elementor-element-93f8897 elementor-widget__width-initial elementor-widget elementor-widget-heading\" data-id=\"93f8897\" data-element_type=\"widget\" data-widget_type=\"heading.default\">\n\t\t\t\t<div class=\"elementor-widget-container\">\n\t\t\t\t\t<h2 class=\"elementor-heading-title elementor-size-default\"><p style=\"font-size: 16px; font-style: normal; font-weight: 400; font-family: &quot;Roboto Slab&quot;, sans-serif; white-space-collapse: collapse;\"><span style=\"font-weight: 700;\">Najcz\u0119\u015bciej wzbogacane dane to:<\/span><\/p><p style=\"font-size: 16px; font-style: normal; font-weight: 400; margin-left: 36pt; font-family: &quot;Roboto Slab&quot;, sans-serif; white-space-collapse: collapse; text-indent: -18pt;\">1.<span style=\"font-variant-numeric: normal; font-variant-east-asian: normal; font-variant-alternates: normal; font-kerning: auto; font-optical-sizing: auto; font-feature-settings: normal; font-variation-settings: normal; font-variant-position: normal; font-stretch: normal; font-size: 7pt; line-height: normal; font-family: &quot;Times New Roman&quot;;\">&nbsp;&nbsp;&nbsp;&nbsp;&nbsp;<\/span><span style=\"font-weight: 700;\">Dane kontaktowe:<\/span>&nbsp;Czyli numer telefonu lub e-email.&nbsp; Najcz\u0119\u015bciej w sytuacjach kiedy Klient ma tylko jedn\u0105 z tych danych i dopisujemy drug\u0105. R\u00f3wnie\u017c je\u015bli baza jest zbierana od d\u0142u\u017cszego czasu cz\u0119sto dopisujemy zaktualizowane dane.<span style=\"font-style: inherit; font-weight: inherit; text-indent: -18pt; color: var( --e-global-color-astglobalcolor2 ); font-family: var( --e-global-typography-secondary-font-family ), Sans-serif; background-color: var(--ast-global-color-4);\"><br><\/span><\/p><p style=\"font-size: 16px; font-style: normal; font-weight: 400; margin-left: 36pt; font-family: &quot;Roboto Slab&quot;, sans-serif; white-space-collapse: collapse; text-indent: -18pt;\"><span style=\"font-style: inherit; font-weight: inherit; text-indent: -18pt; color: var( --e-global-color-astglobalcolor2 ); font-family: var( --e-global-typography-secondary-font-family ), Sans-serif; background-color: var(--ast-global-color-4);\">2.<\/span><span style=\"font-style: inherit; font-weight: inherit; text-indent: -18pt; color: var( --e-global-color-astglobalcolor2 ); background-color: var(--ast-global-color-4); font-variant-numeric: normal; font-variant-east-asian: normal; font-variant-alternates: normal; font-kerning: auto; font-optical-sizing: auto; font-feature-settings: normal; font-variation-settings: normal; font-variant-position: normal; font-stretch: normal; font-size: 7pt; line-height: normal; font-family: &quot;Times New Roman&quot;;\">&nbsp;&nbsp;&nbsp;&nbsp;&nbsp;<\/span><span style=\"font-weight: 700; font-style: inherit; text-indent: -18pt; color: var( --e-global-color-astglobalcolor2 ); font-family: var( --e-global-typography-secondary-font-family ), Sans-serif; background-color: var(--ast-global-color-4);\">Dane adresowe:<\/span><span style=\"font-style: inherit; font-weight: inherit; text-indent: -18pt; color: var( --e-global-color-astglobalcolor2 ); font-family: var( --e-global-typography-secondary-font-family ), Sans-serif; background-color: var(--ast-global-color-4);\">&nbsp;J<\/span><span style=\"background-color: var(--ast-global-color-4); color: var(--ast-global-color-2); font-style: inherit;\">e\u015bli w bazie mamy np kod pocztowy lub Miasto to mo\u017cemy dopisa\u0107 np. Wojew\u00f3dztwo, Powiat, Gmin\u0119, a cz\u0119sto r\u00f3wnie\u017c dzielnice miasta.&nbsp;<\/span><\/p><p style=\"margin-left: 36pt; text-indent: -18pt; white-space-collapse: collapse; font-weight: 400; font-style: normal; font-size: 16px; font-family: &quot;Roboto Slab&quot;, sans-serif;\">3.<span style=\"font-variant-numeric: normal; font-variant-east-asian: normal; font-variant-alternates: normal; font-kerning: auto; font-optical-sizing: auto; font-feature-settings: normal; font-variation-settings: normal; font-variant-position: normal; font-stretch: normal; font-size: 7pt; line-height: normal; font-family: &quot;Times New Roman&quot;;\">&nbsp;&nbsp;&nbsp;&nbsp;<\/span><span style=\"background-color: var(--ast-global-color-4); color: var(--ast-global-color-2); font-style: inherit; font-weight: 700;\">Informacje o&nbsp; firmach s\u0105 szczeg\u00f3lnie ciekawe<\/span><span style=\"text-indent: -18pt; color: var(--ast-global-color-2); background-color: var(--ast-global-color-4); font-weight: 700;\">:<\/span><span style=\"text-indent: -18pt; color: var(--ast-global-color-2); background-color: var(--ast-global-color-4);\">&nbsp; Maj\u0105c nawet cz\u0105stkowe dane takie jak NIP, REGON lub nazw\u0119 firmy, jeste\u015bmy wstanie dopisa\u0107 dane, kt\u00f3re spowoduj\u0105, \u017ce baza b\u0119dzie du\u017co bardziej warto\u015bciowa np:&nbsp; <br>- Informacj\u0119 o flocie samochodowej<br>- Numerze PKD<br>- Informacje o ilo\u015bci zatrudnionych pracownik\u00f3w<br>- Wielko\u015bci obrot\u00f3w w danym roku<br>- Imi\u0119 i Nazwisko W\u0142a\u015bciciela b\u0105d\u017a W\u0142a\u015bcicieli<\/span><\/p><p style=\"margin-left: 36pt; text-indent: -18pt; white-space-collapse: collapse; font-weight: 400; font-style: normal; font-size: 16px; font-family: &quot;Roboto Slab&quot;, sans-serif;\"><\/p><\/h2>\t\t\t\t<\/div>\n\t\t\t\t<\/div>\n\t\t\t\t<div class=\"elementor-element elementor-element-c083f80 elementor-align-justify elementor-widget elementor-widget-button\" data-id=\"c083f80\" data-element_type=\"widget\" data-widget_type=\"button.default\">\n\t\t\t\t<div class=\"elementor-widget-container\">\n\t\t\t\t\t\t\t\t\t<div class=\"elementor-button-wrapper\">\n\t\t\t\t\t<a class=\"elementor-button elementor-button-link elementor-size-sm\" href=\"https:\/\/effectivedata.pl\/?page_id=1917\">\n\t\t\t\t\t\t<span class=\"elementor-button-content-wrapper\">\n\t\t\t\t\t\t\t\t\t<span class=\"elementor-button-text\">Masz wi\u0119cej pyta\u0144?<\/span>\n\t\t\t\t\t<\/span>\n\t\t\t\t\t<\/a>\n\t\t\t\t<\/div>\n\t\t\t\t\t\t\t\t<\/div>\n\t\t\t\t<\/div>\n\t\t\t\t\t<\/div>\n\t\t<\/div>\n\t\t\t\t\t<\/div>\n\t\t<\/section>\n\t\t\t\t<\/div>\n\t\t","protected":false},"excerpt":{"rendered":"<p>Wzbogacanie baz danych \u00a0Wzbogacanie bazy o dodatkowe dane, takie jak dok\u0142adny adres pocztowy, numer telefonu lub adres e-mail, mo\u017ce przynie\u015b\u0107 wiele korzy\u015bci firmie. Oto pi\u0119\u0107 zalet tego procesu! Najcz\u0119\u015bciej wzbogacane dane to: 1.&nbsp;&nbsp;&nbsp;&nbsp;&nbsp;Dane kontaktowe:&nbsp;Czyli numer telefonu lub e-email.&nbsp; Najcz\u0119\u015bciej w sytuacjach kiedy Klient ma tylko jedn\u0105 z tych danych i dopisujemy drug\u0105. R\u00f3wnie\u017c je\u015bli baza [&hellip;]<\/p>\n","protected":false},"author":1,"featured_media":0,"parent":0,"menu_order":0,"comment_status":"closed","ping_status":"closed","template":"","meta":{"site-sidebar-layout":"no-sidebar","site-content-layout":"page-builder","ast-site-content-layout":"full-width-container","site-content-style":"default","site-sidebar-style":"default","ast-global-header-display":"","ast-banner-title-visibility":"","ast-main-header-display":"","ast-hfb-above-header-display":"","ast-hfb-below-header-display":"","ast-hfb-mobile-header-display":"","site-post-title":"disabled","ast-breadcrumbs-content":"","ast-featured-img":"disabled","footer-sml-layout":"","theme-transparent-header-meta":"","adv-header-id-meta":"","stick-header-meta":"","header-above-stick-meta":"","header-main-stick-meta":"","header-below-stick-meta":"","astra-migrate-meta-layouts":"set","ast-page-background-enabled":"default","ast-page-background-meta":{"desktop":{"background-color":"","background-image":"","background-repeat":"repeat","background-position":"center center","background-size":"auto","background-attachment":"scroll","background-type":"","background-media":"","overlay-type":"","overlay-color":"","overlay-opacity":"","overlay-gradient":""},"tablet":{"background-color":"","background-image":"","background-repeat":"repeat","background-position":"center center","background-size":"auto","background-attachment":"scroll","background-type":"","background-media":"","overlay-type":"","overlay-color":"","overlay-opacity":"","overlay-gradient":""},"mobile":{"background-color":"","background-image":"","background-repeat":"repeat","background-position":"center center","background-size":"auto","background-attachment":"scroll","background-type":"","background-media":"","overlay-type":"","overlay-color":"","overlay-opacity":"","overlay-gradient":""}},"ast-content-background-meta":{"desktop":{"background-color":"var(--ast-global-color-5)","background-image":"","background-repeat":"repeat","background-position":"center center","background-size":"auto","background-attachment":"scroll","background-type":"","background-media":"","overlay-type":"","overlay-color":"","overlay-opacity":"","overlay-gradient":""},"tablet":{"background-color":"var(--ast-global-color-5)","background-image":"","background-repeat":"repeat","background-position":"center center","background-size":"auto","background-attachment":"scroll","background-type":"","background-media":"","overlay-type":"","overlay-color":"","overlay-opacity":"","overlay-gradient":""},"mobile":{"background-color":"var(--ast-global-color-5)","background-image":"","background-repeat":"repeat","background-position":"center center","background-size":"auto","background-attachment":"scroll","background-type":"","background-media":"","overlay-type":"","overlay-color":"","overlay-opacity":"","overlay-gradient":""}},"footnotes":""},"class_list":["post-1979","page","type-page","status-publish","hentry"],"yoast_head":"<!-- This site is optimized with the Yoast SEO plugin v25.0 - https:\/\/yoast.com\/wordpress\/plugins\/seo\/ -->\n<title>Wzbogacanie baz danych - Effective Team<\/title>\n<meta name=\"robots\" content=\"index, follow, max-snippet:-1, max-image-preview:large, max-video-preview:-1\" \/>\n<link rel=\"canonical\" href=\"https:\/\/effectivedata.pl\/?page_id=1979\" \/>\n<meta property=\"og:locale\" content=\"pl_PL\" \/>\n<meta property=\"og:type\" content=\"article\" \/>\n<meta property=\"og:title\" content=\"Wzbogacanie baz danych - Effective Team\" \/>\n<meta property=\"og:description\" content=\"Wzbogacanie baz danych \u00a0Wzbogacanie bazy o dodatkowe dane, takie jak dok\u0142adny adres pocztowy, numer telefonu lub adres e-mail, mo\u017ce przynie\u015b\u0107 wiele korzy\u015bci firmie. Oto pi\u0119\u0107 zalet tego procesu! Najcz\u0119\u015bciej wzbogacane dane to: 1.&nbsp;&nbsp;&nbsp;&nbsp;&nbsp;Dane kontaktowe:&nbsp;Czyli numer telefonu lub e-email.&nbsp; Najcz\u0119\u015bciej w sytuacjach kiedy Klient ma tylko jedn\u0105 z tych danych i dopisujemy drug\u0105. R\u00f3wnie\u017c je\u015bli baza [&hellip;]\" \/>\n<meta property=\"og:url\" content=\"https:\/\/effectivedata.pl\/?page_id=1979\" \/>\n<meta property=\"og:site_name\" content=\"Effective Team\" \/>\n<meta property=\"article:publisher\" content=\"https:\/\/www.facebook.com\/profile.php?id=61556272891064\" \/>\n<meta property=\"article:modified_time\" content=\"2024-02-11T22:31:48+00:00\" \/>\n<meta name=\"twitter:card\" content=\"summary_large_image\" \/>\n<meta name=\"twitter:label1\" content=\"Szacowany czas czytania\" \/>\n\t<meta name=\"twitter:data1\" content=\"1 minuta\" \/>\n<script type=\"application\/ld+json\" class=\"yoast-schema-graph\">{\"@context\":\"https:\/\/schema.org\",\"@graph\":[{\"@type\":\"WebPage\",\"@id\":\"https:\/\/effectivedata.pl\/?page_id=1979\",\"url\":\"https:\/\/effectivedata.pl\/?page_id=1979\",\"name\":\"Wzbogacanie baz danych - Effective Team\",\"isPartOf\":{\"@id\":\"https:\/\/effectivedata.pl\/#website\"},\"datePublished\":\"2023-09-07T20:04:37+00:00\",\"dateModified\":\"2024-02-11T22:31:48+00:00\",\"breadcrumb\":{\"@id\":\"https:\/\/effectivedata.pl\/?page_id=1979#breadcrumb\"},\"inLanguage\":\"pl-PL\",\"potentialAction\":[{\"@type\":\"ReadAction\",\"target\":[\"https:\/\/effectivedata.pl\/?page_id=1979\"]}]},{\"@type\":\"BreadcrumbList\",\"@id\":\"https:\/\/effectivedata.pl\/?page_id=1979#breadcrumb\",\"itemListElement\":[{\"@type\":\"ListItem\",\"position\":1,\"name\":\"Strona g\u0142\u00f3wna\",\"item\":\"https:\/\/effectivedata.pl\/\"},{\"@type\":\"ListItem\",\"position\":2,\"name\":\"Wzbogacanie baz danych\"}]},{\"@type\":\"WebSite\",\"@id\":\"https:\/\/effectivedata.pl\/#website\",\"url\":\"https:\/\/effectivedata.pl\/\",\"name\":\"Effective Team\",\"description\":\"Digital Agency\",\"publisher\":{\"@id\":\"https:\/\/effectivedata.pl\/#organization\"},\"potentialAction\":[{\"@type\":\"SearchAction\",\"target\":{\"@type\":\"EntryPoint\",\"urlTemplate\":\"https:\/\/effectivedata.pl\/?s={search_term_string}\"},\"query-input\":{\"@type\":\"PropertyValueSpecification\",\"valueRequired\":true,\"valueName\":\"search_term_string\"}}],\"inLanguage\":\"pl-PL\"},{\"@type\":\"Organization\",\"@id\":\"https:\/\/effectivedata.pl\/#organization\",\"name\":\"Effective Team\",\"url\":\"https:\/\/effectivedata.pl\/\",\"logo\":{\"@type\":\"ImageObject\",\"inLanguage\":\"pl-PL\",\"@id\":\"https:\/\/effectivedata.pl\/#\/schema\/logo\/image\/\",\"url\":\"https:\/\/effectivedata.pl\/wp-content\/uploads\/2024\/02\/cropped-nr-3Blue-Futuristic-Simple-Gradient-Modern-Technology-Logo3-2.png\",\"contentUrl\":\"https:\/\/effectivedata.pl\/wp-content\/uploads\/2024\/02\/cropped-nr-3Blue-Futuristic-Simple-Gradient-Modern-Technology-Logo3-2.png\",\"width\":500,\"height\":167,\"caption\":\"Effective Team\"},\"image\":{\"@id\":\"https:\/\/effectivedata.pl\/#\/schema\/logo\/image\/\"},\"sameAs\":[\"https:\/\/www.facebook.com\/profile.php?id=61556272891064\"]}]}<\/script>\n<!-- \/ Yoast SEO plugin. -->","yoast_head_json":{"title":"Wzbogacanie baz danych - Effective Team","robots":{"index":"index","follow":"follow","max-snippet":"max-snippet:-1","max-image-preview":"max-image-preview:large","max-video-preview":"max-video-preview:-1"},"canonical":"https:\/\/effectivedata.pl\/?page_id=1979","og_locale":"pl_PL","og_type":"article","og_title":"Wzbogacanie baz danych - Effective Team","og_description":"Wzbogacanie baz danych \u00a0Wzbogacanie bazy o dodatkowe dane, takie jak dok\u0142adny adres pocztowy, numer telefonu lub adres e-mail, mo\u017ce przynie\u015b\u0107 wiele korzy\u015bci firmie. Oto pi\u0119\u0107 zalet tego procesu! Najcz\u0119\u015bciej wzbogacane dane to: 1.&nbsp;&nbsp;&nbsp;&nbsp;&nbsp;Dane kontaktowe:&nbsp;Czyli numer telefonu lub e-email.&nbsp; Najcz\u0119\u015bciej w sytuacjach kiedy Klient ma tylko jedn\u0105 z tych danych i dopisujemy drug\u0105. R\u00f3wnie\u017c je\u015bli baza [&hellip;]","og_url":"https:\/\/effectivedata.pl\/?page_id=1979","og_site_name":"Effective Team","article_publisher":"https:\/\/www.facebook.com\/profile.php?id=61556272891064","article_modified_time":"2024-02-11T22:31:48+00:00","twitter_card":"summary_large_image","twitter_misc":{"Szacowany czas czytania":"1 minuta"},"schema":{"@context":"https:\/\/schema.org","@graph":[{"@type":"WebPage","@id":"https:\/\/effectivedata.pl\/?page_id=1979","url":"https:\/\/effectivedata.pl\/?page_id=1979","name":"Wzbogacanie baz danych - Effective Team","isPartOf":{"@id":"https:\/\/effectivedata.pl\/#website"},"datePublished":"2023-09-07T20:04:37+00:00","dateModified":"2024-02-11T22:31:48+00:00","breadcrumb":{"@id":"https:\/\/effectivedata.pl\/?page_id=1979#breadcrumb"},"inLanguage":"pl-PL","potentialAction":[{"@type":"ReadAction","target":["https:\/\/effectivedata.pl\/?page_id=1979"]}]},{"@type":"BreadcrumbList","@id":"https:\/\/effectivedata.pl\/?page_id=1979#breadcrumb","itemListElement":[{"@type":"ListItem","position":1,"name":"Strona g\u0142\u00f3wna","item":"https:\/\/effectivedata.pl\/"},{"@type":"ListItem","position":2,"name":"Wzbogacanie baz danych"}]},{"@type":"WebSite","@id":"https:\/\/effectivedata.pl\/#website","url":"https:\/\/effectivedata.pl\/","name":"Effective Team","description":"Digital Agency","publisher":{"@id":"https:\/\/effectivedata.pl\/#organization"},"potentialAction":[{"@type":"SearchAction","target":{"@type":"EntryPoint","urlTemplate":"https:\/\/effectivedata.pl\/?s={search_term_string}"},"query-input":{"@type":"PropertyValueSpecification","valueRequired":true,"valueName":"search_term_string"}}],"inLanguage":"pl-PL"},{"@type":"Organization","@id":"https:\/\/effectivedata.pl\/#organization","name":"Effective Team","url":"https:\/\/effectivedata.pl\/","logo":{"@type":"ImageObject","inLanguage":"pl-PL","@id":"https:\/\/effectivedata.pl\/#\/schema\/logo\/image\/","url":"https:\/\/effectivedata.pl\/wp-content\/uploads\/2024\/02\/cropped-nr-3Blue-Futuristic-Simple-Gradient-Modern-Technology-Logo3-2.png","contentUrl":"https:\/\/effectivedata.pl\/wp-content\/uploads\/2024\/02\/cropped-nr-3Blue-Futuristic-Simple-Gradient-Modern-Technology-Logo3-2.png","width":500,"height":167,"caption":"Effective Team"},"image":{"@id":"https:\/\/effectivedata.pl\/#\/schema\/logo\/image\/"},"sameAs":["https:\/\/www.facebook.com\/profile.php?id=61556272891064"]}]}},"_links":{"self":[{"href":"https:\/\/effectivedata.pl\/index.php?rest_route=\/wp\/v2\/pages\/1979","targetHints":{"allow":["GET"]}}],"collection":[{"href":"https:\/\/effectivedata.pl\/index.php?rest_route=\/wp\/v2\/pages"}],"about":[{"href":"https:\/\/effectivedata.pl\/index.php?rest_route=\/wp\/v2\/types\/page"}],"author":[{"embeddable":true,"href":"https:\/\/effectivedata.pl\/index.php?rest_route=\/wp\/v2\/users\/1"}],"replies":[{"embeddable":true,"href":"https:\/\/effectivedata.pl\/index.php?rest_route=%2Fwp%2Fv2%2Fcomments&post=1979"}],"version-history":[{"count":23,"href":"https:\/\/effectivedata.pl\/index.php?rest_route=\/wp\/v2\/pages\/1979\/revisions"}],"predecessor-version":[{"id":2624,"href":"https:\/\/effectivedata.pl\/index.php?rest_route=\/wp\/v2\/pages\/1979\/revisions\/2624"}],"wp:attachment":[{"href":"https:\/\/effectivedata.pl\/index.php?rest_route=%2Fwp%2Fv2%2Fmedia&parent=1979"}],"curies":[{"name":"wp","href":"https:\/\/api.w.org\/{rel}","templated":true}]}}